{"id":4652,"date":"2024-10-21T09:29:29","date_gmt":"2024-10-21T07:29:29","guid":{"rendered":"https:\/\/osvald.dk\/?page_id=4652"},"modified":"2025-10-14T10:29:08","modified_gmt":"2025-10-14T08:29:08","slug":"product-development","status":"publish","type":"page","link":"https:\/\/osvald.dk\/en\/raadgivning\/produktudvikling\/","title":{"rendered":"Product development"},"content":{"rendered":"<div data-elementor-type=\"wp-page\" data-elementor-id=\"4652\" class=\"elementor elementor-4652\" data-elementor-post-type=\"page\">\n\t\t\t\t<div class=\"elementor-element elementor-element-d558047 e-flex e-con-boxed e-con e-parent\" data-id=\"d558047\" data-element_type=\"container\" data-e-type=\"container\" data-settings=\"{&quot;background_background&quot;:&quot;classic&quot;,&quot;jet_parallax_layout_list&quot;:[]}\">\n\t\t\t\t\t<div class=\"e-con-inner\">\n\t\t<div class=\"elementor-element elementor-element-d992ea4 e-con-full e-flex e-con e-child\" data-id=\"d992ea4\" data-element_type=\"container\" data-e-type=\"container\" data-settings=\"{&quot;jet_parallax_layout_list&quot;:[]}\">\n\t\t\t\t<div class=\"elementor-element elementor-element-6a6179b elementor-widget__width-auto elementor-widget elementor-widget-heading\" data-id=\"6a6179b\" data-element_type=\"widget\" data-e-type=\"widget\" data-widget_type=\"heading.default\">\n\t\t\t\t\t<p class=\"elementor-heading-title elementor-size-default\">We bring customers closer <\/p>\t\t\t\t<\/div>\n\t\t\t\t<div class=\"elementor-element elementor-element-ecc98fb elementor-widget elementor-widget-heading\" data-id=\"ecc98fb\" data-element_type=\"widget\" data-e-type=\"widget\" data-widget_type=\"heading.default\">\n\t\t\t\t\t<h1 class=\"elementor-heading-title elementor-size-default\">Product development<\/h1>\t\t\t\t<\/div>\n\t\t\t\t<div class=\"elementor-element elementor-element-1c50e9f elementor-widget elementor-widget-text-editor\" data-id=\"1c50e9f\" data-element_type=\"widget\" data-e-type=\"widget\" data-widget_type=\"text-editor.default\">\n\t\t\t\t\t\t\t\t\t<p>At Osvald Jensen A\/S, we see consulting and partnership as an integral part of our business. Our goal is to deliver customized solutions that meet our customers' specific needs through close collaboration and comprehensive advice. Our new concept, \"Workshop,\" supports this approach by bringing customers closer to the development and design process.<\/p>\t\t\t\t\t\t\t\t<\/div>\n\t\t\t\t<\/div>\n\t\t\t\t\t<\/div>\n\t\t\t\t<\/div>\n\t\t<div class=\"elementor-element elementor-element-b30604e e-con-full e-flex e-con e-parent\" data-id=\"b30604e\" data-element_type=\"container\" data-e-type=\"container\" data-settings=\"{&quot;jet_parallax_layout_list&quot;:[]}\">\n\t\t\t\t<div class=\"elementor-element elementor-element-5fdb5f0 e-transform elementor-widget elementor-widget-image\" data-id=\"5fdb5f0\" data-element_type=\"widget\" data-e-type=\"widget\" data-settings=\"{&quot;_transform_scale_effect_hover&quot;:{&quot;unit&quot;:&quot;px&quot;,&quot;size&quot;:1.02,&quot;sizes&quot;:[]},&quot;_transform_scale_effect_hover_tablet&quot;:{&quot;unit&quot;:&quot;px&quot;,&quot;size&quot;:&quot;&quot;,&quot;sizes&quot;:[]},&quot;_transform_scale_effect_hover_mobile&quot;:{&quot;unit&quot;:&quot;px&quot;,&quot;size&quot;:&quot;&quot;,&quot;sizes&quot;:[]}}\" data-widget_type=\"image.default\">\n\t\t\t\t\t\t\t\t\t\t\t\t\t\t\t\t<a href=\"#elementor-action%3Aaction%3Dpopup%3Aopen%26settings%3DeyJpZCI6IjUwMjgiLCJ0b2dnbGUiOmZhbHNlfQ%3D%3D\">\n\t\t\t\t\t\t\t<img fetchpriority=\"high\" decoding=\"async\" width=\"1468\" height=\"997\" src=\"https:\/\/osvald.dk\/wp-content\/uploads\/Kundeprocessmodel_Full_Fade.png\" class=\"attachment-full size-full wp-image-4973\" alt=\"Illustration of how the gear company Osvald Jensen A\/S develops products. The illustration shows from customer inquiry to demand, which branches into known needs and unknown needs, where in the unknown, they will solve the problem, and design and development where, as in known needs, they end up in production and delivery.\" srcset=\"https:\/\/osvald.dk\/wp-content\/uploads\/Kundeprocessmodel_Full_Fade.png 1468w, https:\/\/osvald.dk\/wp-content\/uploads\/Kundeprocessmodel_Full_Fade-300x204.png 300w, https:\/\/osvald.dk\/wp-content\/uploads\/Kundeprocessmodel_Full_Fade-1024x695.png 1024w, https:\/\/osvald.dk\/wp-content\/uploads\/Kundeprocessmodel_Full_Fade-768x522.png 768w, https:\/\/osvald.dk\/wp-content\/uploads\/Kundeprocessmodel_Full_Fade-18x12.png 18w\" sizes=\"(max-width: 1468px) 100vw, 1468px\" \/>\t\t\t\t\t\t\t\t<\/a>\n\t\t\t\t\t\t\t\t\t\t\t\t\t\t\t<\/div>\n\t\t\t\t<div class=\"elementor-element elementor-element-97c0191 elementor-align-center elementor-widget elementor-widget-button\" data-id=\"97c0191\" data-element_type=\"widget\" data-e-type=\"widget\" data-widget_type=\"button.default\">\n\t\t\t\t\t\t\t\t\t\t<a class=\"elementor-button elementor-button-link elementor-size-sm\" href=\"#elementor-action%3Aaction%3Dpopup%3Aopen%26settings%3DeyJpZCI6IjUwMjgiLCJ0b2dnbGUiOmZhbHNlfQ%3D%3D\">\n\t\t\t\t\t\t<span class=\"elementor-button-content-wrapper\">\n\t\t\t\t\t\t\t\t\t<span class=\"elementor-button-text\">See our Customer Process Model<\/span>\n\t\t\t\t\t<\/span>\n\t\t\t\t\t<\/a>\n\t\t\t\t\t\t\t\t<\/div>\n\t\t\t\t<\/div>\n\t\t<div class=\"elementor-element elementor-element-dac6445 e-flex e-con-boxed e-con e-parent\" data-id=\"dac6445\" data-element_type=\"container\" data-e-type=\"container\" data-settings=\"{&quot;background_background&quot;:&quot;classic&quot;,&quot;jet_parallax_layout_list&quot;:[]}\">\n\t\t\t\t\t<div class=\"e-con-inner\">\n\t\t\t\t\t<\/div>\n\t\t\t\t<\/div>\n\t\t<div class=\"elementor-element elementor-element-41ab45e e-con-full e-flex e-con e-parent\" data-id=\"41ab45e\" data-element_type=\"container\" data-e-type=\"container\" id=\"workshop\" data-settings=\"{&quot;jet_parallax_layout_list&quot;:[]}\">\n\t\t<div class=\"elementor-element elementor-element-f4ffb36 e-con-full e-flex e-con e-child\" data-id=\"f4ffb36\" data-element_type=\"container\" data-e-type=\"container\" data-settings=\"{&quot;background_background&quot;:&quot;classic&quot;,&quot;jet_parallax_layout_list&quot;:[]}\">\n\t\t\t\t<\/div>\n\t\t<div class=\"elementor-element elementor-element-3ccf171 e-con-full e-flex e-con e-child\" data-id=\"3ccf171\" data-element_type=\"container\" data-e-type=\"container\" data-settings=\"{&quot;background_background&quot;:&quot;classic&quot;,&quot;jet_parallax_layout_list&quot;:[]}\">\n\t\t<div class=\"elementor-element elementor-element-1d8231a e-flex e-con-boxed e-con e-child\" data-id=\"1d8231a\" data-element_type=\"container\" data-e-type=\"container\" data-settings=\"{&quot;jet_parallax_layout_list&quot;:[]}\">\n\t\t\t\t\t<div class=\"e-con-inner\">\n\t\t\t\t<div class=\"elementor-element elementor-element-6287bc8 elementor-widget__width-auto elementor-widget elementor-widget-heading\" data-id=\"6287bc8\" data-element_type=\"widget\" data-e-type=\"widget\" data-widget_type=\"heading.default\">\n\t\t\t\t\t<p class=\"elementor-heading-title elementor-size-default\">workshop<\/p>\t\t\t\t<\/div>\n\t\t\t\t\t<\/div>\n\t\t\t\t<\/div>\n\t\t\t\t<div class=\"elementor-element elementor-element-91cd13d elementor-widget elementor-widget-heading\" data-id=\"91cd13d\" data-element_type=\"widget\" data-e-type=\"widget\" data-widget_type=\"heading.default\">\n\t\t\t\t\t<h2 class=\"elementor-heading-title elementor-size-default\">Our \"Workshop\" concept <\/h2>\t\t\t\t<\/div>\n\t\t\t\t<div class=\"elementor-element elementor-element-3a00a99 elementor-widget elementor-widget-text-editor\" data-id=\"3a00a99\" data-element_type=\"widget\" data-e-type=\"widget\" data-widget_type=\"text-editor.default\">\n\t\t\t\t\t\t\t\t\t<p>Our new concept, \"Workshop,\" is designed to bring our customers closer to the design and development process. In Workshop, we invite customers to actively participate in the design phase, where they can collaborate with our engineering team to develop customized solutions.<\/p><p>This concept promotes innovation and ensures that the final products are perfectly adapted to the customer's specific requirements.\u00a0<\/p><p>We are happy to explain more about our \"Workshop\" concept, which is based on our product development model.<\/p>\t\t\t\t\t\t\t\t<\/div>\n\t\t\t\t<div class=\"elementor-element elementor-element-7a80f56 elementor-align-left elementor-widget elementor-widget-button\" data-id=\"7a80f56\" data-element_type=\"widget\" data-e-type=\"widget\" data-widget_type=\"button.default\">\n\t\t\t\t\t\t\t\t\t\t<a class=\"elementor-button elementor-button-link elementor-size-sm\" href=\"tel:004543962077\">\n\t\t\t\t\t\t<span class=\"elementor-button-content-wrapper\">\n\t\t\t\t\t\t<span class=\"elementor-button-icon\">\n\t\t\t\t<i aria-hidden=\"true\" class=\"fas fa-phone\"><\/i>\t\t\t<\/span>\n\t\t\t\t\t\t\t\t\t<span class=\"elementor-button-text\">Contact us<\/span>\n\t\t\t\t\t<\/span>\n\t\t\t\t\t<\/a>\n\t\t\t\t\t\t\t\t<\/div>\n\t\t\t\t<\/div>\n\t\t\t\t<\/div>\n\t\t<div class=\"elementor-element elementor-element-b9e2e72 e-flex e-con-boxed e-con e-parent\" data-id=\"b9e2e72\" data-element_type=\"container\" data-e-type=\"container\" data-settings=\"{&quot;background_background&quot;:&quot;classic&quot;,&quot;jet_parallax_layout_list&quot;:[]}\">\n\t\t\t\t\t<div class=\"e-con-inner\">\n\t\t\t\t\t<\/div>\n\t\t\t\t<\/div>\n\t\t<div class=\"elementor-element elementor-element-988af01 e-con-full e-flex e-con e-parent\" data-id=\"988af01\" data-element_type=\"container\" data-e-type=\"container\" id=\"testdinide\" data-settings=\"{&quot;jet_parallax_layout_list&quot;:[]}\">\n\t\t<div class=\"elementor-element elementor-element-6d26af9 e-con-full e-flex e-con e-child\" data-id=\"6d26af9\" data-element_type=\"container\" data-e-type=\"container\" data-settings=\"{&quot;background_background&quot;:&quot;classic&quot;,&quot;jet_parallax_layout_list&quot;:[]}\">\n\t\t<div class=\"elementor-element elementor-element-488d417 e-flex e-con-boxed e-con e-child\" data-id=\"488d417\" data-element_type=\"container\" data-e-type=\"container\" data-settings=\"{&quot;jet_parallax_layout_list&quot;:[]}\">\n\t\t\t\t\t<div class=\"e-con-inner\">\n\t\t\t\t<div class=\"elementor-element elementor-element-374eda2 elementor-widget__width-auto elementor-widget elementor-widget-heading\" data-id=\"374eda2\" data-element_type=\"widget\" data-e-type=\"widget\" data-widget_type=\"heading.default\">\n\t\t\t\t\t<p class=\"elementor-heading-title elementor-size-default\">We bring your ideas to life<\/p>\t\t\t\t<\/div>\n\t\t\t\t\t<\/div>\n\t\t\t\t<\/div>\n\t\t\t\t<div class=\"elementor-element elementor-element-e927512 elementor-widget elementor-widget-heading\" data-id=\"e927512\" data-element_type=\"widget\" data-e-type=\"widget\" data-widget_type=\"heading.default\">\n\t\t\t\t\t<h2 class=\"elementor-heading-title elementor-size-default\">Sustainability in Development Projects <\/h2>\t\t\t\t<\/div>\n\t\t\t\t<div class=\"elementor-element elementor-element-d42ddc1 elementor-widget elementor-widget-text-editor\" data-id=\"d42ddc1\" data-element_type=\"widget\" data-e-type=\"widget\" data-widget_type=\"text-editor.default\">\n\t\t\t\t\t\t\t\t\t<p>At Osvald Jensen A\/S, we are committed to integrating sustainability into all our new development projects. We want to work with our partners to find innovative and environmentally friendly solutions that can help solve some of the world's challenges.<\/p><p>By focusing on sustainable materials and processes, we strive to reduce our environmental footprint and promote a more sustainable future.<\/p>\t\t\t\t\t\t\t\t<\/div>\n\t\t\t\t<div class=\"elementor-element elementor-element-e1aa385 elementor-align-left elementor-widget elementor-widget-button\" data-id=\"e1aa385\" data-element_type=\"widget\" data-e-type=\"widget\" data-widget_type=\"button.default\">\n\t\t\t\t\t\t\t\t\t\t<a class=\"elementor-button elementor-button-link elementor-size-sm\" href=\"tel:004543962077\">\n\t\t\t\t\t\t<span class=\"elementor-button-content-wrapper\">\n\t\t\t\t\t\t<span class=\"elementor-button-icon\">\n\t\t\t\t<i aria-hidden=\"true\" class=\"fas fa-phone\"><\/i>\t\t\t<\/span>\n\t\t\t\t\t\t\t\t\t<span class=\"elementor-button-text\">Contact us<\/span>\n\t\t\t\t\t<\/span>\n\t\t\t\t\t<\/a>\n\t\t\t\t\t\t\t\t<\/div>\n\t\t\t\t<\/div>\n\t\t<div class=\"elementor-element elementor-element-b70e857 e-con-full e-flex e-con e-child\" data-id=\"b70e857\" data-element_type=\"container\" data-e-type=\"container\" data-settings=\"{&quot;background_background&quot;:&quot;classic&quot;,&quot;jet_parallax_layout_list&quot;:[]}\">\n\t\t\t\t<div class=\"elementor-element elementor-element-5090b5b elementor-widget elementor-widget-video\" data-id=\"5090b5b\" data-element_type=\"widget\" data-e-type=\"widget\" data-settings=\"{&quot;video_type&quot;:&quot;hosted&quot;,&quot;autoplay&quot;:&quot;yes&quot;,&quot;play_on_mobile&quot;:&quot;yes&quot;,&quot;mute&quot;:&quot;yes&quot;,&quot;loop&quot;:&quot;yes&quot;,&quot;controls&quot;:&quot;yes&quot;}\" data-widget_type=\"video.default\">\n\t\t\t\t\t\t\t<div class=\"e-hosted-video elementor-wrapper elementor-open-inline\">\n\t\t\t\t\t<video class=\"elementor-video\" src=\"https:\/\/osvald.dk\/wp-content\/uploads\/Oswald-jensen-case-FNs-verdensmaal-undertekstet.mp4\" autoplay=\"\" loop=\"\" controls=\"\" muted=\"muted\" playsinline=\"\" controlslist=\"nodownload\"><\/video>\n\t\t\t\t<\/div>\n\t\t\t\t\t\t<\/div>\n\t\t\t\t<\/div>\n\t\t\t\t<\/div>\n\t\t<div class=\"elementor-element elementor-element-b180b52 e-con-full e-flex e-con e-parent\" data-id=\"b180b52\" data-element_type=\"container\" data-e-type=\"container\" data-settings=\"{&quot;background_background&quot;:&quot;classic&quot;,&quot;jet_parallax_layout_list&quot;:[]}\">\n\t\t<div class=\"elementor-element elementor-element-d4192fb e-con-full e-flex e-con e-child\" data-id=\"d4192fb\" data-element_type=\"container\" data-e-type=\"container\" data-settings=\"{&quot;background_background&quot;:&quot;classic&quot;,&quot;jet_parallax_layout_list&quot;:[]}\">\n\t\t\t\t<div class=\"elementor-element elementor-element-558b646 elementor-widget elementor-widget-heading\" data-id=\"558b646\" data-element_type=\"widget\" data-e-type=\"widget\" data-widget_type=\"heading.default\">\n\t\t\t\t\t<h2 class=\"elementor-heading-title elementor-size-default\">Your vision, our expertise\n<\/h2>\t\t\t\t<\/div>\n\t\t\t\t<div class=\"elementor-element elementor-element-008da10 elementor-widget elementor-widget-text-editor\" data-id=\"008da10\" data-element_type=\"widget\" data-e-type=\"widget\" data-widget_type=\"text-editor.default\">\n\t\t\t\t\t\t\t\t\t\nAre you ready to experience what true precision and customized solutions can do for your project? Give us a call - let's shape the future together.\t\t\t\t\t\t\t\t<\/div>\n\t\t<div class=\"elementor-element elementor-element-9b79859 e-con-full e-flex e-con e-child\" data-id=\"9b79859\" data-element_type=\"container\" data-e-type=\"container\" data-settings=\"{&quot;jet_parallax_layout_list&quot;:[]}\">\n\t\t\t\t<div class=\"elementor-element elementor-element-19fc890 elementor-align-left elementor-mobile-align-left elementor-widget elementor-widget-button\" data-id=\"19fc890\" data-element_type=\"widget\" data-e-type=\"widget\" data-widget_type=\"button.default\">\n\t\t\t\t\t\t\t\t\t\t<a class=\"elementor-button elementor-button-link elementor-size-sm\" href=\"tel:+4543962077\">\n\t\t\t\t\t\t<span class=\"elementor-button-content-wrapper\">\n\t\t\t\t\t\t<span class=\"elementor-button-icon\">\n\t\t\t\t<i aria-hidden=\"true\" class=\"fas fa-phone\"><\/i>\t\t\t<\/span>\n\t\t\t\t\t\t\t\t\t<span class=\"elementor-button-text\">+45 43 96 20 77<\/span>\n\t\t\t\t\t<\/span>\n\t\t\t\t\t<\/a>\n\t\t\t\t\t\t\t\t<\/div>\n\t\t\t\t<div class=\"elementor-element elementor-element-67c121c elementor-align-left elementor-mobile-align-left elementor-widget elementor-widget-button\" data-id=\"67c121c\" data-element_type=\"widget\" data-e-type=\"widget\" data-widget_type=\"button.default\">\n\t\t\t\t\t\t\t\t\t\t<a class=\"elementor-button elementor-button-link elementor-size-sm\" href=\"https:\/\/osvald.dk\/en\/kontakt\/\">\n\t\t\t\t\t\t<span class=\"elementor-button-content-wrapper\">\n\t\t\t\t\t\t\t\t\t<span class=\"elementor-button-text\">Contact us<\/span>\n\t\t\t\t\t<\/span>\n\t\t\t\t\t<\/a>\n\t\t\t\t\t\t\t\t<\/div>\n\t\t\t\t<\/div>\n\t\t\t\t<\/div>\n\t\t\t\t<\/div>\n\t\t\t\t<\/div>","protected":false},"excerpt":{"rendered":"<p>Vi bringer kunderne t\u00e6tter p\u00e5 Produktudvikling Hos Osvald Jensen A\/S ser vi r\u00e5dgivning og partnerskab som en integreret del af vores forretning. Vores m\u00e5l er at levere skr\u00e6ddersyede l\u00f8sninger, der opfylder vores kunders specifikke behov gennem t\u00e6t samarbejde og omfattende r\u00e5dgivning. Vores nye koncept, &#8220;Workshop,&#8221; underst\u00f8tter denne tilgang ved at bringe kunderne t\u00e6ttere p\u00e5 udviklings- [&hellip;]<\/p>\n","protected":false},"author":1,"featured_media":4973,"parent":1067,"menu_order":0,"comment_status":"closed","ping_status":"closed","template":"elementor_header_footer","meta":{"footnotes":""},"class_list":["post-4652","page","type-page","status-publish","has-post-thumbnail","hentry"],"yoast_head":"<!-- This site is optimized with the Yoast SEO plugin v27.3 - https:\/\/yoast.com\/product\/yoast-seo-wordpress\/ -->\n<title>Produktudvikling af sm\u00e5 tandhjul og gear<\/title>\n<meta name=\"description\" content=\"Vores m\u00e5l er at levere skr\u00e6ddersyede finmekaniske gearl\u00f8sninger ,efter jeres specifikke behov gennem t\u00e6t samarbejde og omfattende r\u00e5dgivning.\" \/>\n<meta name=\"robots\" content=\"index, follow, max-snippet:-1, max-image-preview:large, max-video-preview:-1\" \/>\n<link rel=\"canonical\" href=\"https:\/\/osvald.dk\/en\/counseling\/product-development\/\" \/>\n<meta property=\"og:locale\" content=\"en_US\" \/>\n<meta property=\"og:type\" content=\"article\" \/>\n<meta property=\"og:title\" content=\"Produktudvikling af sm\u00e5 tandhjul og gear\" \/>\n<meta property=\"og:description\" content=\"Vores m\u00e5l er at levere skr\u00e6ddersyede finmekaniske gearl\u00f8sninger ,efter jeres specifikke behov gennem t\u00e6t samarbejde og omfattende r\u00e5dgivning.\" \/>\n<meta property=\"og:url\" content=\"https:\/\/osvald.dk\/en\/counseling\/product-development\/\" \/>\n<meta property=\"og:site_name\" content=\"Osvald Jensen\" \/>\n<meta property=\"article:modified_time\" content=\"2025-10-14T08:29:08+00:00\" \/>\n<meta property=\"og:image\" content=\"https:\/\/osvald.dk\/wp-content\/uploads\/Kundeprocessmodel_Full_Fade.png\" \/>\n\t<meta property=\"og:image:width\" content=\"1468\" \/>\n\t<meta property=\"og:image:height\" content=\"997\" \/>\n\t<meta property=\"og:image:type\" content=\"image\/png\" \/>\n<meta name=\"twitter:card\" content=\"summary_large_image\" \/>\n<meta name=\"twitter:label1\" content=\"Est. reading time\" \/>\n\t<meta name=\"twitter:data1\" content=\"2 minutes\" \/>\n<script type=\"application\/ld+json\" class=\"yoast-schema-graph\">{\"@context\":\"https:\\\/\\\/schema.org\",\"@graph\":[{\"@type\":\"WebPage\",\"@id\":\"https:\\\/\\\/osvald.dk\\\/raadgivning\\\/produktudvikling\\\/\",\"url\":\"https:\\\/\\\/osvald.dk\\\/raadgivning\\\/produktudvikling\\\/\",\"name\":\"Produktudvikling af sm\u00e5 tandhjul og gear\",\"isPartOf\":{\"@id\":\"https:\\\/\\\/osvald.dk\\\/#website\"},\"primaryImageOfPage\":{\"@id\":\"https:\\\/\\\/osvald.dk\\\/raadgivning\\\/produktudvikling\\\/#primaryimage\"},\"image\":{\"@id\":\"https:\\\/\\\/osvald.dk\\\/raadgivning\\\/produktudvikling\\\/#primaryimage\"},\"thumbnailUrl\":\"https:\\\/\\\/osvald.dk\\\/wp-content\\\/uploads\\\/Kundeprocessmodel_Full_Fade.png\",\"datePublished\":\"2024-10-21T07:29:29+00:00\",\"dateModified\":\"2025-10-14T08:29:08+00:00\",\"description\":\"Vores m\u00e5l er at levere skr\u00e6ddersyede finmekaniske gearl\u00f8sninger ,efter jeres specifikke behov gennem t\u00e6t samarbejde og omfattende r\u00e5dgivning.\",\"breadcrumb\":{\"@id\":\"https:\\\/\\\/osvald.dk\\\/raadgivning\\\/produktudvikling\\\/#breadcrumb\"},\"inLanguage\":\"en-US\",\"potentialAction\":[{\"@type\":\"ReadAction\",\"target\":[\"https:\\\/\\\/osvald.dk\\\/raadgivning\\\/produktudvikling\\\/\"]}]},{\"@type\":\"ImageObject\",\"inLanguage\":\"en-US\",\"@id\":\"https:\\\/\\\/osvald.dk\\\/raadgivning\\\/produktudvikling\\\/#primaryimage\",\"url\":\"https:\\\/\\\/osvald.dk\\\/wp-content\\\/uploads\\\/Kundeprocessmodel_Full_Fade.png\",\"contentUrl\":\"https:\\\/\\\/osvald.dk\\\/wp-content\\\/uploads\\\/Kundeprocessmodel_Full_Fade.png\",\"width\":1468,\"height\":997,\"caption\":\"Ilustration p\u00e5 hvordan Tandhjuls firmaet Osvald Jensen A\\\/S produktudvilker. Illustrationen viser fra Kundehenvendelse til demand, som brancher sig over til kendt behov og ikke kendt behov, hvor at i det ikke kendt, vil de opklare problemet, og design og udvilking hvor de s\u00e5 som i kendt behov, ender i Produktion og leverance.\"},{\"@type\":\"BreadcrumbList\",\"@id\":\"https:\\\/\\\/osvald.dk\\\/raadgivning\\\/produktudvikling\\\/#breadcrumb\",\"itemListElement\":[{\"@type\":\"ListItem\",\"position\":1,\"name\":\"R\u00e5dgivning\",\"item\":\"https:\\\/\\\/osvald.dk\\\/raadgivning\\\/\"},{\"@type\":\"ListItem\",\"position\":2,\"name\":\"Produktudvikling\"}]},{\"@type\":\"WebSite\",\"@id\":\"https:\\\/\\\/osvald.dk\\\/#website\",\"url\":\"https:\\\/\\\/osvald.dk\\\/\",\"name\":\"Osvald Jensen\",\"description\":\"\",\"publisher\":{\"@id\":\"https:\\\/\\\/osvald.dk\\\/#organization\"},\"potentialAction\":[{\"@type\":\"SearchAction\",\"target\":{\"@type\":\"EntryPoint\",\"urlTemplate\":\"https:\\\/\\\/osvald.dk\\\/?s={search_term_string}\"},\"query-input\":{\"@type\":\"PropertyValueSpecification\",\"valueRequired\":true,\"valueName\":\"search_term_string\"}}],\"inLanguage\":\"en-US\"},{\"@type\":\"Organization\",\"@id\":\"https:\\\/\\\/osvald.dk\\\/#organization\",\"name\":\"Osvald Jensen\",\"url\":\"https:\\\/\\\/osvald.dk\\\/\",\"logo\":{\"@type\":\"ImageObject\",\"inLanguage\":\"en-US\",\"@id\":\"https:\\\/\\\/osvald.dk\\\/#\\\/schema\\\/logo\\\/image\\\/\",\"url\":\"https:\\\/\\\/osvald.dk\\\/wp-content\\\/uploads\\\/OsvaldJensen_Logo_Hvid_RGB.svg\",\"contentUrl\":\"https:\\\/\\\/osvald.dk\\\/wp-content\\\/uploads\\\/OsvaldJensen_Logo_Hvid_RGB.svg\",\"width\":1600,\"height\":900,\"caption\":\"Osvald Jensen\"},\"image\":{\"@id\":\"https:\\\/\\\/osvald.dk\\\/#\\\/schema\\\/logo\\\/image\\\/\"}}]}<\/script>\n<!-- \/ Yoast SEO plugin. -->","yoast_head_json":{"title":"Product development of small gears and gearing","description":"Our goal is to deliver customized precision gear solutions to your specific needs through close collaboration and comprehensive advice.","robots":{"index":"index","follow":"follow","max-snippet":"max-snippet:-1","max-image-preview":"max-image-preview:large","max-video-preview":"max-video-preview:-1"},"canonical":"https:\/\/osvald.dk\/en\/counseling\/product-development\/","og_locale":"en_US","og_type":"article","og_title":"Produktudvikling af sm\u00e5 tandhjul og gear","og_description":"Vores m\u00e5l er at levere skr\u00e6ddersyede finmekaniske gearl\u00f8sninger ,efter jeres specifikke behov gennem t\u00e6t samarbejde og omfattende r\u00e5dgivning.","og_url":"https:\/\/osvald.dk\/en\/counseling\/product-development\/","og_site_name":"Osvald Jensen","article_modified_time":"2025-10-14T08:29:08+00:00","og_image":[{"width":1468,"height":997,"url":"https:\/\/osvald.dk\/wp-content\/uploads\/Kundeprocessmodel_Full_Fade.png","type":"image\/png"}],"twitter_card":"summary_large_image","twitter_misc":{"Est. reading time":"2 minutes"},"schema":{"@context":"https:\/\/schema.org","@graph":[{"@type":"WebPage","@id":"https:\/\/osvald.dk\/raadgivning\/produktudvikling\/","url":"https:\/\/osvald.dk\/raadgivning\/produktudvikling\/","name":"Product development of small gears and gearing","isPartOf":{"@id":"https:\/\/osvald.dk\/#website"},"primaryImageOfPage":{"@id":"https:\/\/osvald.dk\/raadgivning\/produktudvikling\/#primaryimage"},"image":{"@id":"https:\/\/osvald.dk\/raadgivning\/produktudvikling\/#primaryimage"},"thumbnailUrl":"https:\/\/osvald.dk\/wp-content\/uploads\/Kundeprocessmodel_Full_Fade.png","datePublished":"2024-10-21T07:29:29+00:00","dateModified":"2025-10-14T08:29:08+00:00","description":"Our goal is to deliver customized precision gear solutions to your specific needs through close collaboration and comprehensive advice.","breadcrumb":{"@id":"https:\/\/osvald.dk\/raadgivning\/produktudvikling\/#breadcrumb"},"inLanguage":"en-US","potentialAction":[{"@type":"ReadAction","target":["https:\/\/osvald.dk\/raadgivning\/produktudvikling\/"]}]},{"@type":"ImageObject","inLanguage":"en-US","@id":"https:\/\/osvald.dk\/raadgivning\/produktudvikling\/#primaryimage","url":"https:\/\/osvald.dk\/wp-content\/uploads\/Kundeprocessmodel_Full_Fade.png","contentUrl":"https:\/\/osvald.dk\/wp-content\/uploads\/Kundeprocessmodel_Full_Fade.png","width":1468,"height":997,"caption":"Ilustration p\u00e5 hvordan Tandhjuls firmaet Osvald Jensen A\/S produktudvilker. Illustrationen viser fra Kundehenvendelse til demand, som brancher sig over til kendt behov og ikke kendt behov, hvor at i det ikke kendt, vil de opklare problemet, og design og udvilking hvor de s\u00e5 som i kendt behov, ender i Produktion og leverance."},{"@type":"BreadcrumbList","@id":"https:\/\/osvald.dk\/raadgivning\/produktudvikling\/#breadcrumb","itemListElement":[{"@type":"ListItem","position":1,"name":"R\u00e5dgivning","item":"https:\/\/osvald.dk\/raadgivning\/"},{"@type":"ListItem","position":2,"name":"Produktudvikling"}]},{"@type":"WebSite","@id":"https:\/\/osvald.dk\/#website","url":"https:\/\/osvald.dk\/","name":"Osvald Jensen","description":"","publisher":{"@id":"https:\/\/osvald.dk\/#organization"},"potentialAction":[{"@type":"SearchAction","target":{"@type":"EntryPoint","urlTemplate":"https:\/\/osvald.dk\/?s={search_term_string}"},"query-input":{"@type":"PropertyValueSpecification","valueRequired":true,"valueName":"search_term_string"}}],"inLanguage":"en-US"},{"@type":"Organization","@id":"https:\/\/osvald.dk\/#organization","name":"Osvald Jensen","url":"https:\/\/osvald.dk\/","logo":{"@type":"ImageObject","inLanguage":"en-US","@id":"https:\/\/osvald.dk\/#\/schema\/logo\/image\/","url":"https:\/\/osvald.dk\/wp-content\/uploads\/OsvaldJensen_Logo_Hvid_RGB.svg","contentUrl":"https:\/\/osvald.dk\/wp-content\/uploads\/OsvaldJensen_Logo_Hvid_RGB.svg","width":1600,"height":900,"caption":"Osvald Jensen"},"image":{"@id":"https:\/\/osvald.dk\/#\/schema\/logo\/image\/"}}]}},"_links":{"self":[{"href":"https:\/\/osvald.dk\/en\/wp-json\/wp\/v2\/pages\/4652","targetHints":{"allow":["GET"]}}],"collection":[{"href":"https:\/\/osvald.dk\/en\/wp-json\/wp\/v2\/pages"}],"about":[{"href":"https:\/\/osvald.dk\/en\/wp-json\/wp\/v2\/types\/page"}],"author":[{"embeddable":true,"href":"https:\/\/osvald.dk\/en\/wp-json\/wp\/v2\/users\/1"}],"replies":[{"embeddable":true,"href":"https:\/\/osvald.dk\/en\/wp-json\/wp\/v2\/comments?post=4652"}],"version-history":[{"count":1,"href":"https:\/\/osvald.dk\/en\/wp-json\/wp\/v2\/pages\/4652\/revisions"}],"predecessor-version":[{"id":5852,"href":"https:\/\/osvald.dk\/en\/wp-json\/wp\/v2\/pages\/4652\/revisions\/5852"}],"up":[{"embeddable":true,"href":"https:\/\/osvald.dk\/en\/wp-json\/wp\/v2\/pages\/1067"}],"wp:featuredmedia":[{"embeddable":true,"href":"https:\/\/osvald.dk\/en\/wp-json\/wp\/v2\/media\/4973"}],"wp:attachment":[{"href":"https:\/\/osvald.dk\/en\/wp-json\/wp\/v2\/media?parent=4652"}],"curies":[{"name":"wp","href":"https:\/\/api.w.org\/{rel}","templated":true}]}}