{"id":2543,"date":"2024-07-02T10:37:25","date_gmt":"2024-07-02T08:37:25","guid":{"rendered":"https:\/\/osvald.dk\/?page_id=2543"},"modified":"2025-06-04T14:08:21","modified_gmt":"2025-06-04T12:08:21","slug":"esg","status":"publish","type":"page","link":"https:\/\/osvald.dk\/en\/esg\/","title":{"rendered":"ESG"},"content":{"rendered":"<div data-elementor-type=\"wp-page\" data-elementor-id=\"2543\" class=\"elementor elementor-2543\" data-elementor-post-type=\"page\">\n\t\t\t\t<div class=\"elementor-element elementor-element-2460ae0 e-con-full e-flex e-con e-parent\" data-id=\"2460ae0\" data-element_type=\"container\" data-e-type=\"container\" data-settings=\"{&quot;jet_parallax_layout_list&quot;:[]}\">\n\t\t<div class=\"elementor-element elementor-element-db3f105 e-con-full e-flex e-con e-child\" data-id=\"db3f105\" data-element_type=\"container\" data-e-type=\"container\" data-settings=\"{&quot;background_background&quot;:&quot;classic&quot;,&quot;jet_parallax_layout_list&quot;:[]}\">\n\t\t<div class=\"elementor-element elementor-element-484f036 e-con-full e-flex e-con e-child\" data-id=\"484f036\" data-element_type=\"container\" data-e-type=\"container\" data-settings=\"{&quot;jet_parallax_layout_list&quot;:[]}\">\n\t\t\t\t<div class=\"elementor-element elementor-element-1fd3551 elementor-widget__width-auto elementor-widget elementor-widget-heading\" data-id=\"1fd3551\" data-element_type=\"widget\" data-e-type=\"widget\" data-widget_type=\"heading.default\">\n\t\t\t\t\t<p class=\"elementor-heading-title elementor-size-default\">Invitation to the sustainable world<\/p>\t\t\t\t<\/div>\n\t\t\t\t<\/div>\n\t\t\t\t<div class=\"elementor-element elementor-element-61540bc elementor-widget__width-initial elementor-widget elementor-widget-text-editor\" data-id=\"61540bc\" data-element_type=\"widget\" data-e-type=\"widget\" data-widget_type=\"text-editor.default\">\n\t\t\t\t\t\t\t\t\tWe have started our sustainable journey into the ESG universe and invite YOU to join us.\t\t\t\t\t\t\t\t<\/div>\n\t\t\t\t<div class=\"elementor-element elementor-element-875330f elementor-align-left elementor-widget elementor-widget-button\" data-id=\"875330f\" data-element_type=\"widget\" data-e-type=\"widget\" data-widget_type=\"button.default\">\n\t\t\t\t\t\t\t\t\t\t<a class=\"elementor-button elementor-button-link elementor-size-sm\" href=\"https:\/\/osvald.dk\/en\/kontakt\/\">\n\t\t\t\t\t\t<span class=\"elementor-button-content-wrapper\">\n\t\t\t\t\t\t<span class=\"elementor-button-icon\">\n\t\t\t\t<i aria-hidden=\"true\" class=\"fas fa-phone\"><\/i>\t\t\t<\/span>\n\t\t\t\t\t\t\t\t\t<span class=\"elementor-button-text\">Contact us<\/span>\n\t\t\t\t\t<\/span>\n\t\t\t\t\t<\/a>\n\t\t\t\t\t\t\t\t<\/div>\n\t\t\t\t<\/div>\n\t\t\t\t<\/div>\n\t\t<div class=\"elementor-element elementor-element-3ad66ac e-con-full e-flex e-con e-parent\" data-id=\"3ad66ac\" data-element_type=\"container\" data-e-type=\"container\" data-settings=\"{&quot;jet_parallax_layout_list&quot;:[]}\">\n\t\t<div class=\"elementor-element elementor-element-96e02a0 e-con-full e-flex e-con e-child\" data-id=\"96e02a0\" data-element_type=\"container\" data-e-type=\"container\" data-settings=\"{&quot;background_background&quot;:&quot;classic&quot;,&quot;jet_parallax_layout_list&quot;:[]}\">\n\t\t\t\t<div class=\"elementor-element elementor-element-920e382 elementor-widget elementor-widget-video\" data-id=\"920e382\" data-element_type=\"widget\" data-e-type=\"widget\" data-settings=\"{&quot;video_type&quot;:&quot;hosted&quot;,&quot;autoplay&quot;:&quot;yes&quot;,&quot;mute&quot;:&quot;yes&quot;,&quot;controls&quot;:&quot;yes&quot;}\" data-widget_type=\"video.default\">\n\t\t\t\t\t\t\t<div class=\"e-hosted-video elementor-wrapper elementor-open-inline\">\n\t\t\t\t\t<video class=\"elementor-video\" src=\"https:\/\/osvald.dk\/wp-content\/uploads\/Oswald-jensen-case-FNs-verdensmaal-undertekstet.mp4\" autoplay=\"\" controls=\"\" muted=\"muted\" controlslist=\"nodownload\"><\/video>\n\t\t\t\t<\/div>\n\t\t\t\t\t\t<\/div>\n\t\t\t\t<\/div>\n\t\t<div class=\"elementor-element elementor-element-734ff7b e-con-full e-flex e-con e-child\" data-id=\"734ff7b\" data-element_type=\"container\" data-e-type=\"container\" data-settings=\"{&quot;background_background&quot;:&quot;classic&quot;,&quot;jet_parallax_layout_list&quot;:[]}\">\n\t\t<div class=\"elementor-element elementor-element-1acd61f e-flex e-con-boxed e-con e-child\" data-id=\"1acd61f\" data-element_type=\"container\" data-e-type=\"container\" data-settings=\"{&quot;jet_parallax_layout_list&quot;:[]}\">\n\t\t\t\t\t<div class=\"e-con-inner\">\n\t\t\t\t<div class=\"elementor-element elementor-element-2a4ec08 elementor-widget__width-auto elementor-widget elementor-widget-heading\" data-id=\"2a4ec08\" data-element_type=\"widget\" data-e-type=\"widget\" data-widget_type=\"heading.default\">\n\t\t\t\t\t<p class=\"elementor-heading-title elementor-size-default\">The climate-conscious choice <\/p>\t\t\t\t<\/div>\n\t\t\t\t\t<\/div>\n\t\t\t\t<\/div>\n\t\t\t\t<div class=\"elementor-element elementor-element-a7cc012 elementor-widget elementor-widget-heading\" data-id=\"a7cc012\" data-element_type=\"widget\" data-e-type=\"widget\" data-widget_type=\"heading.default\">\n\t\t\t\t\t<h2 class=\"elementor-heading-title elementor-size-default\">Our job with the climate<\/h2>\t\t\t\t<\/div>\n\t\t\t\t<div class=\"elementor-element elementor-element-07328d1 elementor-widget elementor-widget-text-editor\" data-id=\"07328d1\" data-element_type=\"widget\" data-e-type=\"widget\" data-widget_type=\"text-editor.default\">\n\t\t\t\t\t\t\t\t\t<p>Over the years, Osvald Jensen A\/S has gained an in-depth understanding of sustainable development both in society and within our industry. Our commitment to quality also extends to our ESG (Environmental, Social and Governance) policy, where we place great emphasis on responsibility and sustainability in all aspects of our business.<\/p><p>Climate change is a universal challenge and we embrace the UN Sustainable Development Goals to ensure a sustainable environment for both our current and future generations.<\/p><p>We want to help our business partners with sustainable solutions to ensure that they achieve their CSRD objectives. Some of our customers may be subject to reporting under the Sustainability Reporting Directive and our ambition is to help them maintain their sustainability principles.<\/p><p>By integrating ESG principles into our operations, we ensure not only the quality of our products, but also a sustainable future for generations to come.<\/p>\t\t\t\t\t\t\t\t<\/div>\n\t\t\t\t<\/div>\n\t\t\t\t<\/div>\n\t\t<div class=\"elementor-element elementor-element-c37754f e-flex e-con-boxed e-con e-parent\" data-id=\"c37754f\" data-element_type=\"container\" data-e-type=\"container\" data-settings=\"{&quot;background_background&quot;:&quot;classic&quot;,&quot;jet_parallax_layout_list&quot;:[]}\">\n\t\t\t\t\t<div class=\"e-con-inner\">\n\t\t\t\t\t<\/div>\n\t\t\t\t<\/div>\n\t\t<div class=\"elementor-element elementor-element-1a1d9e5 e-con-full e-flex e-con e-parent\" data-id=\"1a1d9e5\" data-element_type=\"container\" data-e-type=\"container\" data-settings=\"{&quot;jet_parallax_layout_list&quot;:[]}\">\n\t\t<div class=\"elementor-element elementor-element-295471c e-con-full e-flex e-con e-child\" data-id=\"295471c\" data-element_type=\"container\" data-e-type=\"container\" data-settings=\"{&quot;background_background&quot;:&quot;classic&quot;,&quot;jet_parallax_layout_list&quot;:[]}\">\n\t\t<div class=\"elementor-element elementor-element-a25f352 e-flex e-con-boxed e-con e-child\" data-id=\"a25f352\" data-element_type=\"container\" data-e-type=\"container\" data-settings=\"{&quot;jet_parallax_layout_list&quot;:[]}\">\n\t\t\t\t\t<div class=\"e-con-inner\">\n\t\t\t\t<div class=\"elementor-element elementor-element-80d1721 elementor-widget__width-auto elementor-widget elementor-widget-heading\" data-id=\"80d1721\" data-element_type=\"widget\" data-e-type=\"widget\" data-widget_type=\"heading.default\">\n\t\t\t\t\t<p class=\"elementor-heading-title elementor-size-default\">Adherence to the UN Sustainable Development Goals<\/p>\t\t\t\t<\/div>\n\t\t\t\t\t<\/div>\n\t\t\t\t<\/div>\n\t\t\t\t<div class=\"elementor-element elementor-element-5dd75cf elementor-widget elementor-widget-heading\" data-id=\"5dd75cf\" data-element_type=\"widget\" data-e-type=\"widget\" data-widget_type=\"heading.default\">\n\t\t\t\t\t<h2 class=\"elementor-heading-title elementor-size-default\">The UN Sustainable Development Goals <\/h2>\t\t\t\t<\/div>\n\t\t\t\t<div class=\"elementor-element elementor-element-1f2f647 elementor-widget elementor-widget-text-editor\" data-id=\"1f2f647\" data-element_type=\"widget\" data-e-type=\"widget\" data-widget_type=\"text-editor.default\">\n\t\t\t\t\t\t\t\t\t<p>At Osvald Jensen A\/S, we are proud to endorse the UN Sustainable Development Goals as part of our commitment to sustainability and social responsibility.<\/p>\t\t\t\t\t\t\t\t<\/div>\n\t\t\t\t<div class=\"elementor-element elementor-element-7acb4d4 elementor-icon-list--layout-traditional elementor-list-item-link-full_width elementor-widget elementor-widget-icon-list\" data-id=\"7acb4d4\" data-element_type=\"widget\" data-e-type=\"widget\" data-widget_type=\"icon-list.default\">\n\t\t\t\t\t\t\t<ul class=\"elementor-icon-list-items\">\n\t\t\t\t\t\t\t<li class=\"elementor-icon-list-item\">\n\t\t\t\t\t\t\t\t\t\t<span class=\"elementor-icon-list-text\"><b>Goal 5: Gender equality <\/b> We actively promote gender equality by creating an inclusive workplace where everyone has equal opportunities.<\/span>\n\t\t\t\t\t\t\t\t\t<\/li>\n\t\t\t\t\t\t\t\t<li class=\"elementor-icon-list-item\">\n\t\t\t\t\t\t\t\t\t\t<span class=\"elementor-icon-list-text\"><b>Goal 7: Sustainable energy <\/b> We support Sustainable Energy through our efforts to reduce energy consumption and implement renewable energy sources in our production. <\/span>\n\t\t\t\t\t\t\t\t\t<\/li>\n\t\t\t\t\t\t\t\t<li class=\"elementor-icon-list-item\">\n\t\t\t\t\t\t\t\t\t\t<span class=\"elementor-icon-list-text\"><b>Goal 8: Decent jobs and economic growth <\/b>We contribute to Decent Work and economic growth by offering safe working conditions and investing in our employees' development. <\/span>\n\t\t\t\t\t\t\t\t\t<\/li>\n\t\t\t\t\t\t\t\t<li class=\"elementor-icon-list-item\">\n\t\t\t\t\t\t\t\t\t\t<span class=\"elementor-icon-list-text\"><b>Goal 12: Responsible consumption and production<\/b>Our production is focused on Responsible Consumption and Production, where we work to minimize waste and use sustainable materials. <\/span>\n\t\t\t\t\t\t\t\t\t<\/li>\n\t\t\t\t\t\t\t\t<li class=\"elementor-icon-list-item\">\n\t\t\t\t\t\t\t\t\t\t<span class=\"elementor-icon-list-text\"><b>Goal 13: Climate action <\/b>Finally, we engage in Climate Action by implementing strategies that reduce our climate impact and promote a greener future.<\/span>\n\t\t\t\t\t\t\t\t\t<\/li>\n\t\t\t\t\t\t<\/ul>\n\t\t\t\t\t\t<\/div>\n\t\t\t\t<div class=\"elementor-element elementor-element-457577a elementor-widget elementor-widget-text-editor\" data-id=\"457577a\" data-element_type=\"widget\" data-e-type=\"widget\" data-widget_type=\"text-editor.default\">\n\t\t\t\t\t\t\t\t\tThrough these actions, we seek to contribute positively to a more sustainable and just world. \t\t\t\t\t\t\t\t<\/div>\n\t\t\t\t<\/div>\n\t\t<div class=\"elementor-element elementor-element-31386ea e-con-full e-flex e-con e-child\" data-id=\"31386ea\" data-element_type=\"container\" data-e-type=\"container\" data-settings=\"{&quot;jet_parallax_layout_list&quot;:[]}\">\n\t\t\t\t<div class=\"elementor-element elementor-element-eb0fd68 elementor-widget elementor-widget-image\" data-id=\"eb0fd68\" data-element_type=\"widget\" data-e-type=\"widget\" data-widget_type=\"image.default\">\n\t\t\t\t\t\t\t\t\t\t\t\t\t\t\t<img fetchpriority=\"high\" decoding=\"async\" width=\"800\" height=\"536\" src=\"https:\/\/osvald.dk\/wp-content\/uploads\/grid-with-title-1-1024x686.jpg\" class=\"attachment-large size-large wp-image-5807\" alt=\"\" srcset=\"https:\/\/osvald.dk\/wp-content\/uploads\/grid-with-title-1-1024x686.jpg 1024w, https:\/\/osvald.dk\/wp-content\/uploads\/grid-with-title-1-300x201.jpg 300w, https:\/\/osvald.dk\/wp-content\/uploads\/grid-with-title-1-768x514.jpg 768w, https:\/\/osvald.dk\/wp-content\/uploads\/grid-with-title-1-1536x1029.jpg 1536w, https:\/\/osvald.dk\/wp-content\/uploads\/grid-with-title-1-scaled.jpg 2048w, https:\/\/osvald.dk\/wp-content\/uploads\/grid-with-title-1-18x12.jpg 18w\" sizes=\"(max-width: 800px) 100vw, 800px\" \/>\t\t\t\t\t\t\t\t\t\t\t\t\t\t\t<\/div>\n\t\t\t\t<\/div>\n\t\t\t\t<\/div>\n\t\t<div class=\"elementor-element elementor-element-9ff1d44 e-con-full e-flex e-con e-parent\" data-id=\"9ff1d44\" data-element_type=\"container\" data-e-type=\"container\" data-settings=\"{&quot;background_background&quot;:&quot;classic&quot;,&quot;jet_parallax_layout_list&quot;:[]}\">\n\t\t<div class=\"elementor-element elementor-element-7a6374d e-con-full e-flex e-con e-child\" data-id=\"7a6374d\" data-element_type=\"container\" data-e-type=\"container\" data-settings=\"{&quot;background_background&quot;:&quot;classic&quot;,&quot;jet_parallax_layout_list&quot;:[]}\">\n\t\t\t\t<div class=\"elementor-element elementor-element-3dd36db elementor-widget elementor-widget-heading\" data-id=\"3dd36db\" data-element_type=\"widget\" data-e-type=\"widget\" data-widget_type=\"heading.default\">\n\t\t\t\t\t<h2 class=\"elementor-heading-title elementor-size-default\">Your vision, our expertise\n<\/h2>\t\t\t\t<\/div>\n\t\t\t\t<div class=\"elementor-element elementor-element-0f450e9 elementor-widget elementor-widget-text-editor\" data-id=\"0f450e9\" data-element_type=\"widget\" data-e-type=\"widget\" data-widget_type=\"text-editor.default\">\n\t\t\t\t\t\t\t\t\t\nAre you ready to experience what true precision and customized solutions can do for your project? Give us a call - let's shape the future together.\t\t\t\t\t\t\t\t<\/div>\n\t\t<div class=\"elementor-element elementor-element-30adca0 e-con-full e-flex e-con e-child\" data-id=\"30adca0\" data-element_type=\"container\" data-e-type=\"container\" data-settings=\"{&quot;jet_parallax_layout_list&quot;:[]}\">\n\t\t\t\t<div class=\"elementor-element elementor-element-b2f93d1 elementor-align-left elementor-mobile-align-left elementor-widget elementor-widget-button\" data-id=\"b2f93d1\" data-element_type=\"widget\" data-e-type=\"widget\" data-widget_type=\"button.default\">\n\t\t\t\t\t\t\t\t\t\t<a class=\"elementor-button elementor-button-link elementor-size-sm\" href=\"tel:+4543962077\">\n\t\t\t\t\t\t<span class=\"elementor-button-content-wrapper\">\n\t\t\t\t\t\t<span class=\"elementor-button-icon\">\n\t\t\t\t<i aria-hidden=\"true\" class=\"fas fa-phone\"><\/i>\t\t\t<\/span>\n\t\t\t\t\t\t\t\t\t<span class=\"elementor-button-text\">+45 43 96 20 77<\/span>\n\t\t\t\t\t<\/span>\n\t\t\t\t\t<\/a>\n\t\t\t\t\t\t\t\t<\/div>\n\t\t\t\t<div class=\"elementor-element elementor-element-4496818 elementor-align-left elementor-mobile-align-left elementor-widget elementor-widget-button\" data-id=\"4496818\" data-element_type=\"widget\" data-e-type=\"widget\" data-widget_type=\"button.default\">\n\t\t\t\t\t\t\t\t\t\t<a class=\"elementor-button elementor-button-link elementor-size-sm\" href=\"https:\/\/osvald.dk\/en\/kontakt\/\">\n\t\t\t\t\t\t<span class=\"elementor-button-content-wrapper\">\n\t\t\t\t\t\t\t\t\t<span class=\"elementor-button-text\">Contact us<\/span>\n\t\t\t\t\t<\/span>\n\t\t\t\t\t<\/a>\n\t\t\t\t\t\t\t\t<\/div>\n\t\t\t\t<\/div>\n\t\t\t\t<\/div>\n\t\t\t\t<\/div>\n\t\t\t\t<\/div>","protected":false},"excerpt":{"rendered":"<p>Invitation til den b\u00e6redygtige verden Vi har p\u00e5begyndt vores b\u00e6redygtige rejse ind i ESG-universet og inviterer DIG med indenfor. Kontakt os https:\/\/osvald.dk\/wp-content\/uploads\/Oswald-jensen-case-FNs-verdensmaal-undertekstet.mp4 Det klimarbevidste valg Vores opgave med klimaet Osvald Jensen A\/S har gennem \u00e5rene opn\u00e5et en dybdeg\u00e5ende forst\u00e5else for den b\u00e6redygtige udvikling b\u00e5de i samfundet og inden for vores branche. Vores engagement i kvalitet [&hellip;]<\/p>\n","protected":false},"author":1,"featured_media":0,"parent":0,"menu_order":0,"comment_status":"closed","ping_status":"closed","template":"elementor_header_footer","meta":{"footnotes":""},"class_list":["post-2543","page","type-page","status-publish","hentry"],"yoast_head":"<!-- This site is optimized with the Yoast SEO plugin v27.4 - https:\/\/yoast.com\/product\/yoast-seo-wordpress\/ -->\n<title>ESG \u2013 Ansvarlig produktion i finmekanik<\/title>\n<meta name=\"description\" content=\"Klimaudfordringer er en universel opgave og vi tilslutter os ogs\u00e5 FN&#039;s verdensm\u00e5l for at sikre et b\u00e6redygtigt milj\u00f8 for b\u00e5de vores nuv\u00e6rende og fremtidige generationer.\" \/>\n<meta name=\"robots\" content=\"index, follow, max-snippet:-1, max-image-preview:large, max-video-preview:-1\" \/>\n<link rel=\"canonical\" href=\"https:\/\/osvald.dk\/en\/esg\/\" \/>\n<meta property=\"og:locale\" content=\"en_US\" \/>\n<meta property=\"og:type\" content=\"article\" \/>\n<meta property=\"og:title\" content=\"ESG \u2013 Ansvarlig produktion i finmekanik\" \/>\n<meta property=\"og:description\" content=\"Klimaudfordringer er en universel opgave og vi tilslutter os ogs\u00e5 FN&#039;s verdensm\u00e5l for at sikre et b\u00e6redygtigt milj\u00f8 for b\u00e5de vores nuv\u00e6rende og fremtidige generationer.\" \/>\n<meta property=\"og:url\" content=\"https:\/\/osvald.dk\/en\/esg\/\" \/>\n<meta property=\"og:site_name\" content=\"Osvald Jensen\" \/>\n<meta property=\"article:modified_time\" content=\"2025-06-04T12:08:21+00:00\" \/>\n<meta property=\"og:image\" content=\"https:\/\/osvald.dk\/wp-content\/uploads\/grid-with-title-1-1024x686.jpg\" \/>\n<meta name=\"twitter:card\" content=\"summary_large_image\" \/>\n<meta name=\"twitter:label1\" content=\"Est. reading time\" \/>\n\t<meta name=\"twitter:data1\" content=\"3 minutes\" \/>\n<script type=\"application\/ld+json\" class=\"yoast-schema-graph\">{\"@context\":\"https:\\\/\\\/schema.org\",\"@graph\":[{\"@type\":\"WebPage\",\"@id\":\"https:\\\/\\\/osvald.dk\\\/esg\\\/\",\"url\":\"https:\\\/\\\/osvald.dk\\\/esg\\\/\",\"name\":\"ESG \u2013 Ansvarlig produktion i finmekanik\",\"isPartOf\":{\"@id\":\"https:\\\/\\\/osvald.dk\\\/#website\"},\"primaryImageOfPage\":{\"@id\":\"https:\\\/\\\/osvald.dk\\\/esg\\\/#primaryimage\"},\"image\":{\"@id\":\"https:\\\/\\\/osvald.dk\\\/esg\\\/#primaryimage\"},\"thumbnailUrl\":\"https:\\\/\\\/osvald.dk\\\/wp-content\\\/uploads\\\/grid-with-title-1-1024x686.jpg\",\"datePublished\":\"2024-07-02T08:37:25+00:00\",\"dateModified\":\"2025-06-04T12:08:21+00:00\",\"description\":\"Klimaudfordringer er en universel opgave og vi tilslutter os ogs\u00e5 FN's verdensm\u00e5l for at sikre et b\u00e6redygtigt milj\u00f8 for b\u00e5de vores nuv\u00e6rende og fremtidige generationer.\",\"inLanguage\":\"en-US\",\"potentialAction\":[{\"@type\":\"ReadAction\",\"target\":[\"https:\\\/\\\/osvald.dk\\\/esg\\\/\"]}]},{\"@type\":\"ImageObject\",\"inLanguage\":\"en-US\",\"@id\":\"https:\\\/\\\/osvald.dk\\\/esg\\\/#primaryimage\",\"url\":\"https:\\\/\\\/osvald.dk\\\/wp-content\\\/uploads\\\/grid-with-title-1-1024x686.jpg\",\"contentUrl\":\"https:\\\/\\\/osvald.dk\\\/wp-content\\\/uploads\\\/grid-with-title-1-1024x686.jpg\"},{\"@type\":\"WebSite\",\"@id\":\"https:\\\/\\\/osvald.dk\\\/#website\",\"url\":\"https:\\\/\\\/osvald.dk\\\/\",\"name\":\"Osvald Jensen\",\"description\":\"\",\"publisher\":{\"@id\":\"https:\\\/\\\/osvald.dk\\\/#organization\"},\"potentialAction\":[{\"@type\":\"SearchAction\",\"target\":{\"@type\":\"EntryPoint\",\"urlTemplate\":\"https:\\\/\\\/osvald.dk\\\/?s={search_term_string}\"},\"query-input\":{\"@type\":\"PropertyValueSpecification\",\"valueRequired\":true,\"valueName\":\"search_term_string\"}}],\"inLanguage\":\"en-US\"},{\"@type\":\"Organization\",\"@id\":\"https:\\\/\\\/osvald.dk\\\/#organization\",\"name\":\"Osvald Jensen\",\"url\":\"https:\\\/\\\/osvald.dk\\\/\",\"logo\":{\"@type\":\"ImageObject\",\"inLanguage\":\"en-US\",\"@id\":\"https:\\\/\\\/osvald.dk\\\/#\\\/schema\\\/logo\\\/image\\\/\",\"url\":\"https:\\\/\\\/osvald.dk\\\/wp-content\\\/uploads\\\/OsvaldJensen_Logo_Hvid_RGB.svg\",\"contentUrl\":\"https:\\\/\\\/osvald.dk\\\/wp-content\\\/uploads\\\/OsvaldJensen_Logo_Hvid_RGB.svg\",\"width\":1600,\"height\":900,\"caption\":\"Osvald Jensen\"},\"image\":{\"@id\":\"https:\\\/\\\/osvald.dk\\\/#\\\/schema\\\/logo\\\/image\\\/\"}}]}<\/script>\n<!-- \/ Yoast SEO plugin. -->","yoast_head_json":{"title":"ESG - Responsible manufacturing in precision engineering","description":"Climate change is a universal challenge and we also embrace the UN Sustainable Development Goals to ensure a sustainable environment for both our current and future generations.","robots":{"index":"index","follow":"follow","max-snippet":"max-snippet:-1","max-image-preview":"max-image-preview:large","max-video-preview":"max-video-preview:-1"},"canonical":"https:\/\/osvald.dk\/en\/esg\/","og_locale":"en_US","og_type":"article","og_title":"ESG \u2013 Ansvarlig produktion i finmekanik","og_description":"Klimaudfordringer er en universel opgave og vi tilslutter os ogs\u00e5 FN's verdensm\u00e5l for at sikre et b\u00e6redygtigt milj\u00f8 for b\u00e5de vores nuv\u00e6rende og fremtidige generationer.","og_url":"https:\/\/osvald.dk\/en\/esg\/","og_site_name":"Osvald Jensen","article_modified_time":"2025-06-04T12:08:21+00:00","og_image":[{"url":"https:\/\/osvald.dk\/wp-content\/uploads\/grid-with-title-1-1024x686.jpg","type":"","width":"","height":""}],"twitter_card":"summary_large_image","twitter_misc":{"Est. reading time":"3 minutes"},"schema":{"@context":"https:\/\/schema.org","@graph":[{"@type":"WebPage","@id":"https:\/\/osvald.dk\/esg\/","url":"https:\/\/osvald.dk\/esg\/","name":"ESG - Responsible manufacturing in precision engineering","isPartOf":{"@id":"https:\/\/osvald.dk\/#website"},"primaryImageOfPage":{"@id":"https:\/\/osvald.dk\/esg\/#primaryimage"},"image":{"@id":"https:\/\/osvald.dk\/esg\/#primaryimage"},"thumbnailUrl":"https:\/\/osvald.dk\/wp-content\/uploads\/grid-with-title-1-1024x686.jpg","datePublished":"2024-07-02T08:37:25+00:00","dateModified":"2025-06-04T12:08:21+00:00","description":"Climate change is a universal challenge and we also embrace the UN Sustainable Development Goals to ensure a sustainable environment for both our current and future generations.","inLanguage":"en-US","potentialAction":[{"@type":"ReadAction","target":["https:\/\/osvald.dk\/esg\/"]}]},{"@type":"ImageObject","inLanguage":"en-US","@id":"https:\/\/osvald.dk\/esg\/#primaryimage","url":"https:\/\/osvald.dk\/wp-content\/uploads\/grid-with-title-1-1024x686.jpg","contentUrl":"https:\/\/osvald.dk\/wp-content\/uploads\/grid-with-title-1-1024x686.jpg"},{"@type":"WebSite","@id":"https:\/\/osvald.dk\/#website","url":"https:\/\/osvald.dk\/","name":"Osvald Jensen","description":"","publisher":{"@id":"https:\/\/osvald.dk\/#organization"},"potentialAction":[{"@type":"SearchAction","target":{"@type":"EntryPoint","urlTemplate":"https:\/\/osvald.dk\/?s={search_term_string}"},"query-input":{"@type":"PropertyValueSpecification","valueRequired":true,"valueName":"search_term_string"}}],"inLanguage":"en-US"},{"@type":"Organization","@id":"https:\/\/osvald.dk\/#organization","name":"Osvald Jensen","url":"https:\/\/osvald.dk\/","logo":{"@type":"ImageObject","inLanguage":"en-US","@id":"https:\/\/osvald.dk\/#\/schema\/logo\/image\/","url":"https:\/\/osvald.dk\/wp-content\/uploads\/OsvaldJensen_Logo_Hvid_RGB.svg","contentUrl":"https:\/\/osvald.dk\/wp-content\/uploads\/OsvaldJensen_Logo_Hvid_RGB.svg","width":1600,"height":900,"caption":"Osvald Jensen"},"image":{"@id":"https:\/\/osvald.dk\/#\/schema\/logo\/image\/"}}]}},"_links":{"self":[{"href":"https:\/\/osvald.dk\/en\/wp-json\/wp\/v2\/pages\/2543","targetHints":{"allow":["GET"]}}],"collection":[{"href":"https:\/\/osvald.dk\/en\/wp-json\/wp\/v2\/pages"}],"about":[{"href":"https:\/\/osvald.dk\/en\/wp-json\/wp\/v2\/types\/page"}],"author":[{"embeddable":true,"href":"https:\/\/osvald.dk\/en\/wp-json\/wp\/v2\/users\/1"}],"replies":[{"embeddable":true,"href":"https:\/\/osvald.dk\/en\/wp-json\/wp\/v2\/comments?post=2543"}],"version-history":[{"count":3,"href":"https:\/\/osvald.dk\/en\/wp-json\/wp\/v2\/pages\/2543\/revisions"}],"predecessor-version":[{"id":5816,"href":"https:\/\/osvald.dk\/en\/wp-json\/wp\/v2\/pages\/2543\/revisions\/5816"}],"wp:attachment":[{"href":"https:\/\/osvald.dk\/en\/wp-json\/wp\/v2\/media?parent=2543"}],"curies":[{"name":"wp","href":"https:\/\/api.w.org\/{rel}","templated":true}]}}