{"id":2234,"date":"2024-06-04T12:31:34","date_gmt":"2024-06-04T10:31:34","guid":{"rendered":"https:\/\/osvald.dk\/?page_id=2234"},"modified":"2025-03-12T15:21:32","modified_gmt":"2025-03-12T14:21:32","slug":"open-jobs","status":"publish","type":"page","link":"https:\/\/osvald.dk\/en\/aabne-jobs\/","title":{"rendered":"Open jobs"},"content":{"rendered":"<div data-elementor-type=\"wp-page\" data-elementor-id=\"2234\" class=\"elementor elementor-2234\" data-elementor-post-type=\"page\">\n\t\t\t\t<div class=\"elementor-element elementor-element-36fa00e e-con-full e-flex e-con e-parent\" data-id=\"36fa00e\" data-element_type=\"container\" data-e-type=\"container\" data-settings=\"{&quot;jet_parallax_layout_list&quot;:[]}\">\n\t\t<div class=\"elementor-element elementor-element-6e51b48 e-con-full e-flex e-con e-child\" data-id=\"6e51b48\" data-element_type=\"container\" data-e-type=\"container\" data-settings=\"{&quot;background_background&quot;:&quot;classic&quot;,&quot;jet_parallax_layout_list&quot;:[]}\">\n\t\t<div class=\"elementor-element elementor-element-d98b3b0 e-con-full e-flex e-con e-child\" data-id=\"d98b3b0\" data-element_type=\"container\" data-e-type=\"container\" data-settings=\"{&quot;jet_parallax_layout_list&quot;:[]}\">\n\t\t\t\t<div class=\"elementor-element elementor-element-51d265c elementor-widget__width-auto elementor-widget elementor-widget-heading\" data-id=\"51d265c\" data-element_type=\"widget\" data-e-type=\"widget\" data-widget_type=\"heading.default\">\n\t\t\t\t\t<p class=\"elementor-heading-title elementor-size-default\">Are you interested in working with us?<\/p>\t\t\t\t<\/div>\n\t\t\t\t<\/div>\n\t\t\t\t<div class=\"elementor-element elementor-element-9ac7e1d elementor-widget__width-initial elementor-widget elementor-widget-text-editor\" data-id=\"9ac7e1d\" data-element_type=\"widget\" data-e-type=\"widget\" data-widget_type=\"text-editor.default\">\n\t\t\t\t\t\t\t\t\t<p>At Osvald Jensen A\/S, we are always on the lookout for talented and dedicated employees who want to strengthen our position as a leader in the development and production of transmission parts and gears.<\/p><p>Here you will find an overview of our open positions - maybe there is an opportunity that is perfect for you. We offer an exciting work environment with a focus on professional development, quality and collaboration. We look forward to hearing from you!<\/p>\t\t\t\t\t\t\t\t<\/div>\n\t\t\t\t<div class=\"elementor-element elementor-element-f1ef389 elementor-align-left elementor-widget elementor-widget-button\" data-id=\"f1ef389\" data-element_type=\"widget\" data-e-type=\"widget\" data-widget_type=\"button.default\">\n\t\t\t\t\t\t\t\t\t\t<a class=\"elementor-button elementor-button-link elementor-size-sm\" href=\"https:\/\/osvald.dk\/en\/kontakt\/\">\n\t\t\t\t\t\t<span class=\"elementor-button-content-wrapper\">\n\t\t\t\t\t\t<span class=\"elementor-button-icon\">\n\t\t\t\t<i aria-hidden=\"true\" class=\"fas fa-phone\"><\/i>\t\t\t<\/span>\n\t\t\t\t\t\t\t\t\t<span class=\"elementor-button-text\">Contact us<\/span>\n\t\t\t\t\t<\/span>\n\t\t\t\t\t<\/a>\n\t\t\t\t\t\t\t\t<\/div>\n\t\t\t\t<\/div>\n\t\t\t\t<\/div>\n\t\t<div class=\"elementor-element elementor-element-2420928 e-con-full e-flex e-con e-parent\" data-id=\"2420928\" data-element_type=\"container\" data-e-type=\"container\" data-settings=\"{&quot;jet_parallax_layout_list&quot;:[]}\">\n\t\t<div class=\"elementor-element elementor-element-642a2e3 e-con-full e-flex e-con e-child\" data-id=\"642a2e3\" data-element_type=\"container\" data-e-type=\"container\" data-settings=\"{&quot;background_background&quot;:&quot;classic&quot;,&quot;jet_parallax_layout_list&quot;:[]}\">\n\t\t\t\t<\/div>\n\t\t<div class=\"elementor-element elementor-element-504b762 e-con-full e-flex e-con e-child\" data-id=\"504b762\" data-element_type=\"container\" data-e-type=\"container\" data-settings=\"{&quot;background_background&quot;:&quot;classic&quot;,&quot;jet_parallax_layout_list&quot;:[]}\">\n\t\t\t\t<div class=\"elementor-element elementor-element-62debf1 elementor-widget elementor-widget-heading\" data-id=\"62debf1\" data-element_type=\"widget\" data-e-type=\"widget\" data-widget_type=\"heading.default\">\n\t\t\t\t\t<h2 class=\"elementor-heading-title elementor-size-default\">Our current positions\n\n<\/h2>\t\t\t\t<\/div>\n\t\t\t\t<div class=\"elementor-element elementor-element-c3d76b8 elementor-widget elementor-widget-text-editor\" data-id=\"c3d76b8\" data-element_type=\"widget\" data-e-type=\"widget\" data-widget_type=\"text-editor.default\">\n\t\t\t\t\t\t\t\t\t<p>If there are no open positions, apply unsolicited by email <a href=\"mailto:oj@osvald.dk\">oj@osvald.dk<\/a><\/p>\t\t\t\t\t\t\t\t<\/div>\n\t\t\t\t<div class=\"elementor-element elementor-element-7615f33 elementor-widget elementor-widget-n-accordion\" data-id=\"7615f33\" data-element_type=\"widget\" data-e-type=\"widget\" data-settings=\"{&quot;default_state&quot;:&quot;all_collapsed&quot;,&quot;max_items_expended&quot;:&quot;one&quot;,&quot;n_accordion_animation_duration&quot;:{&quot;unit&quot;:&quot;ms&quot;,&quot;size&quot;:400,&quot;sizes&quot;:[]}}\" data-widget_type=\"nested-accordion.default\">\n\t\t\t\t\t<style>.elementor-element-7615f33{display:none !important}<\/style>\t\t\t\t<\/div>\n\t\t\t\t<\/div>\n\t\t\t\t<\/div>\n\t\t<div class=\"elementor-element elementor-element-9403557 e-con-full e-flex e-con e-parent\" data-id=\"9403557\" data-element_type=\"container\" data-e-type=\"container\" data-settings=\"{&quot;background_background&quot;:&quot;classic&quot;,&quot;jet_parallax_layout_list&quot;:[]}\">\n\t\t<div class=\"elementor-element elementor-element-8d4ec5f e-con-full e-flex e-con e-child\" data-id=\"8d4ec5f\" data-element_type=\"container\" data-e-type=\"container\" data-settings=\"{&quot;background_background&quot;:&quot;classic&quot;,&quot;jet_parallax_layout_list&quot;:[]}\">\n\t\t\t\t<div class=\"elementor-element elementor-element-a7b1e57 elementor-widget elementor-widget-heading\" data-id=\"a7b1e57\" data-element_type=\"widget\" data-e-type=\"widget\" data-widget_type=\"heading.default\">\n\t\t\t\t\t<h3 class=\"elementor-heading-title elementor-size-default\">Your vision, our expertise\n<\/h3>\t\t\t\t<\/div>\n\t\t\t\t<div class=\"elementor-element elementor-element-21aeb21 elementor-widget elementor-widget-text-editor\" data-id=\"21aeb21\" data-element_type=\"widget\" data-e-type=\"widget\" data-widget_type=\"text-editor.default\">\n\t\t\t\t\t\t\t\t\t\nAre you ready to experience what true precision and customized solutions can do for your project? Give us a call - let's shape the future together.\t\t\t\t\t\t\t\t<\/div>\n\t\t<div class=\"elementor-element elementor-element-59d967b e-con-full e-flex e-con e-child\" data-id=\"59d967b\" data-element_type=\"container\" data-e-type=\"container\" data-settings=\"{&quot;jet_parallax_layout_list&quot;:[]}\">\n\t\t\t\t<div class=\"elementor-element elementor-element-5949104 elementor-align-left elementor-mobile-align-left elementor-widget elementor-widget-button\" data-id=\"5949104\" data-element_type=\"widget\" data-e-type=\"widget\" data-widget_type=\"button.default\">\n\t\t\t\t\t\t\t\t\t\t<a class=\"elementor-button elementor-button-link elementor-size-sm\" href=\"tel:+4543962077\">\n\t\t\t\t\t\t<span class=\"elementor-button-content-wrapper\">\n\t\t\t\t\t\t<span class=\"elementor-button-icon\">\n\t\t\t\t<i aria-hidden=\"true\" class=\"fas fa-phone\"><\/i>\t\t\t<\/span>\n\t\t\t\t\t\t\t\t\t<span class=\"elementor-button-text\">+45 43 96 20 77<\/span>\n\t\t\t\t\t<\/span>\n\t\t\t\t\t<\/a>\n\t\t\t\t\t\t\t\t<\/div>\n\t\t\t\t<div class=\"elementor-element elementor-element-ac98f75 elementor-align-left elementor-mobile-align-left elementor-widget elementor-widget-button\" data-id=\"ac98f75\" data-element_type=\"widget\" data-e-type=\"widget\" data-widget_type=\"button.default\">\n\t\t\t\t\t\t\t\t\t\t<a class=\"elementor-button elementor-button-link elementor-size-sm\" href=\"https:\/\/osvald.dk\/en\/kontakt\/\">\n\t\t\t\t\t\t<span class=\"elementor-button-content-wrapper\">\n\t\t\t\t\t\t\t\t\t<span class=\"elementor-button-text\">Contact us<\/span>\n\t\t\t\t\t<\/span>\n\t\t\t\t\t<\/a>\n\t\t\t\t\t\t\t\t<\/div>\n\t\t\t\t<\/div>\n\t\t\t\t<\/div>\n\t\t\t\t<\/div>\n\t\t\t\t<\/div>","protected":false},"excerpt":{"rendered":"<p>Er du interesseret i at arbejde ved os? Hos Osvald Jensen A\/S er vi altid p\u00e5 udkig efter talentfulde og engagerede medarbejdere, der vil v\u00e6re med til at styrke vores position som f\u00f8rende inden for udvikling og produktion af transmissionsdele og gear. Her finder du en oversigt over vores \u00e5bne stillinger \u2013 m\u00e5ske er der [&hellip;]<\/p>\n","protected":false},"author":1,"featured_media":0,"parent":0,"menu_order":0,"comment_status":"closed","ping_status":"closed","template":"","meta":{"footnotes":""},"class_list":["post-2234","page","type-page","status-publish","hentry"],"yoast_head":"<!-- This site is optimized with the Yoast SEO plugin v27.3 - https:\/\/yoast.com\/product\/yoast-seo-wordpress\/ -->\n<title>\u00c5bne jobs - Osvald Jensen<\/title>\n<meta name=\"robots\" content=\"index, follow, max-snippet:-1, max-image-preview:large, max-video-preview:-1\" \/>\n<link rel=\"canonical\" href=\"https:\/\/osvald.dk\/en\/open-jobs\/\" \/>\n<meta property=\"og:locale\" content=\"en_US\" \/>\n<meta property=\"og:type\" content=\"article\" \/>\n<meta property=\"og:title\" content=\"\u00c5bne jobs - Osvald Jensen\" \/>\n<meta property=\"og:description\" content=\"Er du interesseret i at arbejde ved os? Hos Osvald Jensen A\/S er vi altid p\u00e5 udkig efter talentfulde og engagerede medarbejdere, der vil v\u00e6re med til at styrke vores position som f\u00f8rende inden for udvikling og produktion af transmissionsdele og gear. Her finder du en oversigt over vores \u00e5bne stillinger \u2013 m\u00e5ske er der [&hellip;]\" \/>\n<meta property=\"og:url\" content=\"https:\/\/osvald.dk\/en\/open-jobs\/\" \/>\n<meta property=\"og:site_name\" content=\"Osvald Jensen\" \/>\n<meta property=\"article:modified_time\" content=\"2025-03-12T14:21:32+00:00\" \/>\n<meta name=\"twitter:card\" content=\"summary_large_image\" \/>\n<meta name=\"twitter:label1\" content=\"Est. reading time\" \/>\n\t<meta name=\"twitter:data1\" content=\"8 minutes\" \/>\n<script type=\"application\/ld+json\" class=\"yoast-schema-graph\">{\"@context\":\"https:\\\/\\\/schema.org\",\"@graph\":[{\"@type\":\"WebPage\",\"@id\":\"https:\\\/\\\/osvald.dk\\\/aabne-jobs\\\/\",\"url\":\"https:\\\/\\\/osvald.dk\\\/aabne-jobs\\\/\",\"name\":\"\u00c5bne jobs - Osvald Jensen\",\"isPartOf\":{\"@id\":\"https:\\\/\\\/osvald.dk\\\/#website\"},\"datePublished\":\"2024-06-04T10:31:34+00:00\",\"dateModified\":\"2025-03-12T14:21:32+00:00\",\"inLanguage\":\"en-US\",\"potentialAction\":[{\"@type\":\"ReadAction\",\"target\":[\"https:\\\/\\\/osvald.dk\\\/aabne-jobs\\\/\"]}]},{\"@type\":\"WebSite\",\"@id\":\"https:\\\/\\\/osvald.dk\\\/#website\",\"url\":\"https:\\\/\\\/osvald.dk\\\/\",\"name\":\"Osvald Jensen\",\"description\":\"\",\"publisher\":{\"@id\":\"https:\\\/\\\/osvald.dk\\\/#organization\"},\"potentialAction\":[{\"@type\":\"SearchAction\",\"target\":{\"@type\":\"EntryPoint\",\"urlTemplate\":\"https:\\\/\\\/osvald.dk\\\/?s={search_term_string}\"},\"query-input\":{\"@type\":\"PropertyValueSpecification\",\"valueRequired\":true,\"valueName\":\"search_term_string\"}}],\"inLanguage\":\"en-US\"},{\"@type\":\"Organization\",\"@id\":\"https:\\\/\\\/osvald.dk\\\/#organization\",\"name\":\"Osvald Jensen\",\"url\":\"https:\\\/\\\/osvald.dk\\\/\",\"logo\":{\"@type\":\"ImageObject\",\"inLanguage\":\"en-US\",\"@id\":\"https:\\\/\\\/osvald.dk\\\/#\\\/schema\\\/logo\\\/image\\\/\",\"url\":\"https:\\\/\\\/osvald.dk\\\/wp-content\\\/uploads\\\/OsvaldJensen_Logo_Hvid_RGB.svg\",\"contentUrl\":\"https:\\\/\\\/osvald.dk\\\/wp-content\\\/uploads\\\/OsvaldJensen_Logo_Hvid_RGB.svg\",\"width\":1600,\"height\":900,\"caption\":\"Osvald Jensen\"},\"image\":{\"@id\":\"https:\\\/\\\/osvald.dk\\\/#\\\/schema\\\/logo\\\/image\\\/\"}}]}<\/script>\n<!-- \/ Yoast SEO plugin. -->","yoast_head_json":{"title":"Open jobs - Osvald Jensen","robots":{"index":"index","follow":"follow","max-snippet":"max-snippet:-1","max-image-preview":"max-image-preview:large","max-video-preview":"max-video-preview:-1"},"canonical":"https:\/\/osvald.dk\/en\/open-jobs\/","og_locale":"en_US","og_type":"article","og_title":"\u00c5bne jobs - Osvald Jensen","og_description":"Er du interesseret i at arbejde ved os? Hos Osvald Jensen A\/S er vi altid p\u00e5 udkig efter talentfulde og engagerede medarbejdere, der vil v\u00e6re med til at styrke vores position som f\u00f8rende inden for udvikling og produktion af transmissionsdele og gear. Her finder du en oversigt over vores \u00e5bne stillinger \u2013 m\u00e5ske er der [&hellip;]","og_url":"https:\/\/osvald.dk\/en\/open-jobs\/","og_site_name":"Osvald Jensen","article_modified_time":"2025-03-12T14:21:32+00:00","twitter_card":"summary_large_image","twitter_misc":{"Est. reading time":"8 minutes"},"schema":{"@context":"https:\/\/schema.org","@graph":[{"@type":"WebPage","@id":"https:\/\/osvald.dk\/aabne-jobs\/","url":"https:\/\/osvald.dk\/aabne-jobs\/","name":"Open jobs - Osvald Jensen","isPartOf":{"@id":"https:\/\/osvald.dk\/#website"},"datePublished":"2024-06-04T10:31:34+00:00","dateModified":"2025-03-12T14:21:32+00:00","inLanguage":"en-US","potentialAction":[{"@type":"ReadAction","target":["https:\/\/osvald.dk\/aabne-jobs\/"]}]},{"@type":"WebSite","@id":"https:\/\/osvald.dk\/#website","url":"https:\/\/osvald.dk\/","name":"Osvald Jensen","description":"","publisher":{"@id":"https:\/\/osvald.dk\/#organization"},"potentialAction":[{"@type":"SearchAction","target":{"@type":"EntryPoint","urlTemplate":"https:\/\/osvald.dk\/?s={search_term_string}"},"query-input":{"@type":"PropertyValueSpecification","valueRequired":true,"valueName":"search_term_string"}}],"inLanguage":"en-US"},{"@type":"Organization","@id":"https:\/\/osvald.dk\/#organization","name":"Osvald Jensen","url":"https:\/\/osvald.dk\/","logo":{"@type":"ImageObject","inLanguage":"en-US","@id":"https:\/\/osvald.dk\/#\/schema\/logo\/image\/","url":"https:\/\/osvald.dk\/wp-content\/uploads\/OsvaldJensen_Logo_Hvid_RGB.svg","contentUrl":"https:\/\/osvald.dk\/wp-content\/uploads\/OsvaldJensen_Logo_Hvid_RGB.svg","width":1600,"height":900,"caption":"Osvald Jensen"},"image":{"@id":"https:\/\/osvald.dk\/#\/schema\/logo\/image\/"}}]}},"_links":{"self":[{"href":"https:\/\/osvald.dk\/en\/wp-json\/wp\/v2\/pages\/2234","targetHints":{"allow":["GET"]}}],"collection":[{"href":"https:\/\/osvald.dk\/en\/wp-json\/wp\/v2\/pages"}],"about":[{"href":"https:\/\/osvald.dk\/en\/wp-json\/wp\/v2\/types\/page"}],"author":[{"embeddable":true,"href":"https:\/\/osvald.dk\/en\/wp-json\/wp\/v2\/users\/1"}],"replies":[{"embeddable":true,"href":"https:\/\/osvald.dk\/en\/wp-json\/wp\/v2\/comments?post=2234"}],"version-history":[{"count":6,"href":"https:\/\/osvald.dk\/en\/wp-json\/wp\/v2\/pages\/2234\/revisions"}],"predecessor-version":[{"id":5813,"href":"https:\/\/osvald.dk\/en\/wp-json\/wp\/v2\/pages\/2234\/revisions\/5813"}],"wp:attachment":[{"href":"https:\/\/osvald.dk\/en\/wp-json\/wp\/v2\/media?parent=2234"}],"curies":[{"name":"wp","href":"https:\/\/api.w.org\/{rel}","templated":true}]}}