{"id":1714,"date":"2024-03-27T12:35:05","date_gmt":"2024-03-27T11:35:05","guid":{"rendered":"https:\/\/osvald.dk\/?page_id=1714"},"modified":"2025-10-14T11:07:50","modified_gmt":"2025-10-14T09:07:50","slug":"product-overview","status":"publish","type":"page","link":"https:\/\/osvald.dk\/en\/produktoversigt\/","title":{"rendered":"Product overview"},"content":{"rendered":"<div data-elementor-type=\"wp-page\" data-elementor-id=\"1714\" class=\"elementor elementor-1714\" data-elementor-post-type=\"page\">\n\t\t\t\t<div class=\"elementor-element elementor-element-7bd8b89 e-con-full e-flex e-con e-parent\" data-id=\"7bd8b89\" data-element_type=\"container\" data-e-type=\"container\" data-settings=\"{&quot;jet_parallax_layout_list&quot;:[]}\">\n\t\t<div class=\"elementor-element elementor-element-d7c1540 e-con-full e-flex e-con e-child\" data-id=\"d7c1540\" data-element_type=\"container\" data-e-type=\"container\" data-settings=\"{&quot;background_background&quot;:&quot;classic&quot;,&quot;jet_parallax_layout_list&quot;:[]}\">\n\t\t<div class=\"elementor-element elementor-element-0ef9128 e-con-full e-flex e-con e-child\" data-id=\"0ef9128\" data-element_type=\"container\" data-e-type=\"container\" data-settings=\"{&quot;jet_parallax_layout_list&quot;:[]}\">\n\t\t\t\t<div class=\"elementor-element elementor-element-a3aeea9 elementor-widget__width-auto elementor-widget elementor-widget-heading\" data-id=\"a3aeea9\" data-element_type=\"widget\" data-e-type=\"widget\" data-widget_type=\"heading.default\">\n\t\t\t\t\t<p class=\"elementor-heading-title elementor-size-default\">Custom made<\/p>\t\t\t\t<\/div>\n\t\t\t\t<\/div>\n\t\t\t\t<div class=\"elementor-element elementor-element-b90ab81 elementor-widget__width-initial elementor-widget elementor-widget-text-editor\" data-id=\"b90ab81\" data-element_type=\"widget\" data-e-type=\"widget\" data-widget_type=\"text-editor.default\">\n\t\t\t\t\t\t\t\t\t<p>Osvald Jensen A\/S develops and produces worms, gears and gearing. We are a partner within transmissions from the idea phase of a new product to the final production of the item.<\/p>\t\t\t\t\t\t\t\t<\/div>\n\t\t\t\t<div class=\"elementor-element elementor-element-73a0d70 elementor-align-left elementor-widget elementor-widget-button\" data-id=\"73a0d70\" data-element_type=\"widget\" data-e-type=\"widget\" data-widget_type=\"button.default\">\n\t\t\t\t\t\t\t\t\t\t<a class=\"elementor-button elementor-button-link elementor-size-sm\" href=\"https:\/\/osvald.dk\/en\/kontakt\/\">\n\t\t\t\t\t\t<span class=\"elementor-button-content-wrapper\">\n\t\t\t\t\t\t<span class=\"elementor-button-icon\">\n\t\t\t\t<i aria-hidden=\"true\" class=\"fas fa-phone\"><\/i>\t\t\t<\/span>\n\t\t\t\t\t\t\t\t\t<span class=\"elementor-button-text\">Contact us<\/span>\n\t\t\t\t\t<\/span>\n\t\t\t\t\t<\/a>\n\t\t\t\t\t\t\t\t<\/div>\n\t\t\t\t<\/div>\n\t\t\t\t<\/div>\n\t\t<div class=\"elementor-element elementor-element-dd59d34 e-con-full e-flex e-con e-parent\" data-id=\"dd59d34\" data-element_type=\"container\" data-e-type=\"container\" id=\"products\" data-settings=\"{&quot;background_background&quot;:&quot;classic&quot;,&quot;jet_parallax_layout_list&quot;:[]}\">\n\t\t<div class=\"elementor-element elementor-element-05af21b e-con-full e-flex e-con e-child\" data-id=\"05af21b\" data-element_type=\"container\" data-e-type=\"container\" data-settings=\"{&quot;jet_parallax_layout_list&quot;:[]}\">\n\t\t<div class=\"elementor-element elementor-element-08dcbda e-con-full e-flex e-con e-child\" data-id=\"08dcbda\" data-element_type=\"container\" data-e-type=\"container\" data-settings=\"{&quot;jet_parallax_layout_list&quot;:[]}\">\n\t\t<div class=\"elementor-element elementor-element-5fc9f2a e-con-full e-flex e-con e-child\" data-id=\"5fc9f2a\" data-element_type=\"container\" data-e-type=\"container\" data-settings=\"{&quot;jet_parallax_layout_list&quot;:[]}\">\n\t\t\t\t<div class=\"elementor-element elementor-element-ab20b7f elementor-widget__width-auto elementor-widget elementor-widget-heading\" data-id=\"ab20b7f\" data-element_type=\"widget\" data-e-type=\"widget\" data-widget_type=\"heading.default\">\n\t\t\t\t\t<p class=\"elementor-heading-title elementor-size-default\">Our product range<\/p>\t\t\t\t<\/div>\n\t\t\t\t<\/div>\n\t\t\t\t<div class=\"elementor-element elementor-element-d2e3d24 elementor-widget elementor-widget-heading\" data-id=\"d2e3d24\" data-element_type=\"widget\" data-e-type=\"widget\" data-widget_type=\"heading.default\">\n\t\t\t\t\t<h2 class=\"elementor-heading-title elementor-size-default\">Designed to exceed your expectations and challenges<\/h2>\t\t\t\t<\/div>\n\t\t\t\t<div class=\"elementor-element elementor-element-87f41df elementor-widget elementor-widget-text-editor\" data-id=\"87f41df\" data-element_type=\"widget\" data-e-type=\"widget\" data-widget_type=\"text-editor.default\">\n\t\t\t\t\t\t\t\t\t<p>Customized precision from idea to finished product - at Osvald Jensen A\/S, we develop, design and manufacture gears, pinion gears and worm gears of the highest quality. Together we create solutions that take your projects to new heights.<\/p>\t\t\t\t\t\t\t\t<\/div>\n\t\t\t\t<\/div>\n\t\t<div class=\"elementor-element elementor-element-d75b055 e-con-full elementor-hidden-mobile e-flex e-con e-child\" data-id=\"d75b055\" data-element_type=\"container\" data-e-type=\"container\" data-settings=\"{&quot;jet_parallax_layout_list&quot;:[]}\">\n\t\t\t\t<\/div>\n\t\t\t\t<\/div>\n\t\t<div class=\"elementor-element elementor-element-6596dc6 e-grid e-con-full e-con e-child\" data-id=\"6596dc6\" data-element_type=\"container\" data-e-type=\"container\" data-settings=\"{&quot;jet_parallax_layout_list&quot;:[]}\">\n\t\t<div class=\"elementor-element elementor-element-ac42413 e-flex e-con-boxed e-con e-child\" data-id=\"ac42413\" data-element_type=\"container\" data-e-type=\"container\" data-settings=\"{&quot;jet_parallax_layout_list&quot;:[]}\">\n\t\t\t\t\t<div class=\"e-con-inner\">\n\t\t<div class=\"elementor-element elementor-element-11002e3 e-con-full e-flex e-con e-child\" data-id=\"11002e3\" data-element_type=\"container\" data-e-type=\"container\" data-settings=\"{&quot;background_background&quot;:&quot;classic&quot;,&quot;jet_parallax_layout_list&quot;:[]}\">\n\t\t\t\t<\/div>\n\t\t\t\t<div class=\"elementor-element elementor-element-b6ff3bd elementor-widget elementor-widget-heading\" data-id=\"b6ff3bd\" data-element_type=\"widget\" data-e-type=\"widget\" data-widget_type=\"heading.default\">\n\t\t\t\t\t<h3 class=\"elementor-heading-title elementor-size-default\">Worms &amp; worm wheels<\/h3>\t\t\t\t<\/div>\n\t\t\t\t<div class=\"elementor-element elementor-element-2b09682 elementor-widget elementor-widget-text-editor\" data-id=\"2b09682\" data-element_type=\"widget\" data-e-type=\"widget\" data-widget_type=\"text-editor.default\">\n\t\t\t\t\t\t\t\t\t<p>Osvald Jensen A\/S specializes in the manufacture of worms and worm wheels. We develop in close collaboration with customers to deliver quality-assured components that match their exact needs.<\/p>\t\t\t\t\t\t\t\t<\/div>\n\t\t\t\t\t<\/div>\n\t\t\t\t<\/div>\n\t\t<div class=\"elementor-element elementor-element-d74cb49 e-flex e-con-boxed e-con e-child\" data-id=\"d74cb49\" data-element_type=\"container\" data-e-type=\"container\" data-settings=\"{&quot;jet_parallax_layout_list&quot;:[]}\">\n\t\t\t\t\t<div class=\"e-con-inner\">\n\t\t<div class=\"elementor-element elementor-element-7bfa28a e-con-full e-flex e-con e-child\" data-id=\"7bfa28a\" data-element_type=\"container\" data-e-type=\"container\" data-settings=\"{&quot;background_background&quot;:&quot;classic&quot;,&quot;jet_parallax_layout_list&quot;:[]}\">\n\t\t\t\t<\/div>\n\t\t\t\t<div class=\"elementor-element elementor-element-077f3b8 elementor-widget elementor-widget-heading\" data-id=\"077f3b8\" data-element_type=\"widget\" data-e-type=\"widget\" data-widget_type=\"heading.default\">\n\t\t\t\t\t<h3 class=\"elementor-heading-title elementor-size-default\">Gears<\/h3>\t\t\t\t<\/div>\n\t\t\t\t<div class=\"elementor-element elementor-element-07ca889 elementor-widget elementor-widget-text-editor\" data-id=\"07ca889\" data-element_type=\"widget\" data-e-type=\"widget\" data-widget_type=\"text-editor.default\">\n\t\t\t\t\t\t\t\t\t<p>We are a market leader in the production of small gears, customized to customers' specific requirements with a focus on high quality and competitive prices.<\/p>\t\t\t\t\t\t\t\t<\/div>\n\t\t\t\t\t<\/div>\n\t\t\t\t<\/div>\n\t\t<div class=\"elementor-element elementor-element-f953f9c e-flex e-con-boxed e-con e-child\" data-id=\"f953f9c\" data-element_type=\"container\" data-e-type=\"container\" data-settings=\"{&quot;jet_parallax_layout_list&quot;:[]}\">\n\t\t\t\t\t<div class=\"e-con-inner\">\n\t\t<div class=\"elementor-element elementor-element-c45093a e-con-full e-flex e-con e-child\" data-id=\"c45093a\" data-element_type=\"container\" data-e-type=\"container\" data-settings=\"{&quot;background_background&quot;:&quot;classic&quot;,&quot;jet_parallax_layout_list&quot;:[]}\">\n\t\t\t\t<\/div>\n\t\t\t\t<div class=\"elementor-element elementor-element-8ff6ec2 elementor-widget elementor-widget-heading\" data-id=\"8ff6ec2\" data-element_type=\"widget\" data-e-type=\"widget\" data-widget_type=\"heading.default\">\n\t\t\t\t\t<h3 class=\"elementor-heading-title elementor-size-default\">Gearboxes - module 0.5 to 2.5<\/h3>\t\t\t\t<\/div>\n\t\t\t\t<div class=\"elementor-element elementor-element-f995cf6 elementor-widget elementor-widget-text-editor\" data-id=\"f995cf6\" data-element_type=\"widget\" data-e-type=\"widget\" data-widget_type=\"text-editor.default\">\n\t\t\t\t\t\t\t\t\t<div class=\"page\" title=\"Page 1\"><div class=\"layoutArea\"><div class=\"column\"><p>Osvald Jensen A\/S manufactures made-to-order gearboxes customized to customer specifications. Based on our many years of experience, we offer sparring and close collaboration with the customer in the development phase to ensure the best solutions.<\/p><\/div><\/div><\/div>\t\t\t\t\t\t\t\t<\/div>\n\t\t\t\t\t<\/div>\n\t\t\t\t<\/div>\n\t\t<div class=\"elementor-element elementor-element-8c2df4a e-con-full e-flex e-con e-child\" data-id=\"8c2df4a\" data-element_type=\"container\" data-e-type=\"container\" data-settings=\"{&quot;jet_parallax_layout_list&quot;:[]}\">\n\t\t<div class=\"elementor-element elementor-element-85673f2 e-con-full e-flex e-con e-child\" data-id=\"85673f2\" data-element_type=\"container\" data-e-type=\"container\" data-settings=\"{&quot;background_background&quot;:&quot;classic&quot;,&quot;jet_parallax_layout_list&quot;:[]}\">\n\t\t\t\t<\/div>\n\t\t\t\t<div class=\"elementor-element elementor-element-b8e8fd6 elementor-widget elementor-widget-heading\" data-id=\"b8e8fd6\" data-element_type=\"widget\" data-e-type=\"widget\" data-widget_type=\"heading.default\">\n\t\t\t\t\t<h3 class=\"elementor-heading-title elementor-size-default\">Worm gear<\/h3>\t\t\t\t<\/div>\n\t\t\t\t<div class=\"elementor-element elementor-element-cb97b7e elementor-widget elementor-widget-text-editor\" data-id=\"cb97b7e\" data-element_type=\"widget\" data-e-type=\"widget\" data-widget_type=\"text-editor.default\">\n\t\t\t\t\t\t\t\t\t<div class=\"page\" title=\"Page 1\"><div class=\"layoutArea\"><div class=\"column\"><p>Osvald Jensen A\/S produces high-quality, customized worm gears that can be used with many different engine brands. We offer tailor-made solutions through close collaboration, so that customer needs are always met.<\/p><\/div><\/div><\/div>\t\t\t\t\t\t\t\t<\/div>\n\t\t\t\t<\/div>\n\t\t\t\t<\/div>\n\t\t\t\t<\/div>\n\t\t<div class=\"elementor-element elementor-element-4c830db e-con-full e-flex e-con e-parent\" data-id=\"4c830db\" data-element_type=\"container\" data-e-type=\"container\" data-settings=\"{&quot;jet_parallax_layout_list&quot;:[]}\">\n\t\t<div class=\"elementor-element elementor-element-de4be12 e-con-full e-flex e-con e-child\" data-id=\"de4be12\" data-element_type=\"container\" data-e-type=\"container\" data-settings=\"{&quot;background_background&quot;:&quot;classic&quot;,&quot;jet_parallax_layout_list&quot;:[]}\">\n\t\t\t\t<\/div>\n\t\t<div class=\"elementor-element elementor-element-9e17941 e-con-full e-flex e-con e-child\" data-id=\"9e17941\" data-element_type=\"container\" data-e-type=\"container\" data-settings=\"{&quot;background_background&quot;:&quot;classic&quot;,&quot;jet_parallax_layout_list&quot;:[]}\">\n\t\t<div class=\"elementor-element elementor-element-61ea604 e-flex e-con-boxed e-con e-child\" data-id=\"61ea604\" data-element_type=\"container\" data-e-type=\"container\" data-settings=\"{&quot;jet_parallax_layout_list&quot;:[]}\">\n\t\t\t\t\t<div class=\"e-con-inner\">\n\t\t\t\t<div class=\"elementor-element elementor-element-f95f6c0 elementor-widget__width-auto elementor-widget elementor-widget-heading\" data-id=\"f95f6c0\" data-element_type=\"widget\" data-e-type=\"widget\" data-widget_type=\"heading.default\">\n\t\t\t\t\t<p class=\"elementor-heading-title elementor-size-default\">Industry-leading expertise<\/p>\t\t\t\t<\/div>\n\t\t\t\t\t<\/div>\n\t\t\t\t<\/div>\n\t\t<div class=\"elementor-element elementor-element-558a7ea e-con-full e-flex e-con e-child\" data-id=\"558a7ea\" data-element_type=\"container\" data-e-type=\"container\" data-settings=\"{&quot;jet_parallax_layout_list&quot;:[]}\">\n\t\t\t\t<div class=\"elementor-element elementor-element-756175d elementor-widget elementor-widget-heading\" data-id=\"756175d\" data-element_type=\"widget\" data-e-type=\"widget\" data-widget_type=\"heading.default\">\n\t\t\t\t\t<h2 class=\"elementor-heading-title elementor-size-default\">We produce your visions<\/h2>\t\t\t\t<\/div>\n\t\t\t\t<div class=\"elementor-element elementor-element-88a4d60 elementor-widget elementor-widget-text-editor\" data-id=\"88a4d60\" data-element_type=\"widget\" data-e-type=\"widget\" data-widget_type=\"text-editor.default\">\n\t\t\t\t\t\t\t\t\t<p>We are happy to work closely with our customers when it comes to development, design and testing, and we are a partner with many years of experience in both consulting and production. We have a large national and international customer portfolio.<\/p>\t\t\t\t\t\t\t\t<\/div>\n\t\t\t\t<\/div>\n\t\t\t\t<div class=\"elementor-element elementor-element-42ca2f5 elementor-align-left elementor-widget elementor-widget-button\" data-id=\"42ca2f5\" data-element_type=\"widget\" data-e-type=\"widget\" data-widget_type=\"button.default\">\n\t\t\t\t\t\t\t\t\t\t<a class=\"elementor-button elementor-button-link elementor-size-sm\" href=\"tel:+4543962077\">\n\t\t\t\t\t\t<span class=\"elementor-button-content-wrapper\">\n\t\t\t\t\t\t<span class=\"elementor-button-icon\">\n\t\t\t\t<i aria-hidden=\"true\" class=\"fas fa-phone\"><\/i>\t\t\t<\/span>\n\t\t\t\t\t\t\t\t\t<span class=\"elementor-button-text\">+45 43 96 20 77<\/span>\n\t\t\t\t\t<\/span>\n\t\t\t\t\t<\/a>\n\t\t\t\t\t\t\t\t<\/div>\n\t\t\t\t<\/div>\n\t\t\t\t<\/div>\n\t\t<div class=\"elementor-element elementor-element-5004989 e-con-full e-flex e-con e-parent\" data-id=\"5004989\" data-element_type=\"container\" data-e-type=\"container\" data-settings=\"{&quot;background_background&quot;:&quot;classic&quot;,&quot;jet_parallax_layout_list&quot;:[]}\">\n\t\t<div class=\"elementor-element elementor-element-93334fb e-con-full e-flex e-con e-child\" data-id=\"93334fb\" data-element_type=\"container\" data-e-type=\"container\" data-settings=\"{&quot;background_background&quot;:&quot;classic&quot;,&quot;jet_parallax_layout_list&quot;:[]}\">\n\t\t\t\t<div class=\"elementor-element elementor-element-6e54763 elementor-widget elementor-widget-heading\" data-id=\"6e54763\" data-element_type=\"widget\" data-e-type=\"widget\" data-widget_type=\"heading.default\">\n\t\t\t\t\t<h2 class=\"elementor-heading-title elementor-size-default\">Your vision, our expertise\n<\/h2>\t\t\t\t<\/div>\n\t\t\t\t<div class=\"elementor-element elementor-element-09fef40 elementor-widget elementor-widget-text-editor\" data-id=\"09fef40\" data-element_type=\"widget\" data-e-type=\"widget\" data-widget_type=\"text-editor.default\">\n\t\t\t\t\t\t\t\t\t\nAre you ready to experience what true precision and customized solutions can do for your project? Give us a call - let's shape the future together.\t\t\t\t\t\t\t\t<\/div>\n\t\t<div class=\"elementor-element elementor-element-261a9a6 e-con-full e-flex e-con e-child\" data-id=\"261a9a6\" data-element_type=\"container\" data-e-type=\"container\" data-settings=\"{&quot;jet_parallax_layout_list&quot;:[]}\">\n\t\t\t\t<div class=\"elementor-element elementor-element-44d6924 elementor-align-left elementor-mobile-align-left elementor-widget elementor-widget-button\" data-id=\"44d6924\" data-element_type=\"widget\" data-e-type=\"widget\" data-widget_type=\"button.default\">\n\t\t\t\t\t\t\t\t\t\t<a class=\"elementor-button elementor-button-link elementor-size-sm\" href=\"tel:+4543962077\">\n\t\t\t\t\t\t<span class=\"elementor-button-content-wrapper\">\n\t\t\t\t\t\t<span class=\"elementor-button-icon\">\n\t\t\t\t<i aria-hidden=\"true\" class=\"fas fa-phone\"><\/i>\t\t\t<\/span>\n\t\t\t\t\t\t\t\t\t<span class=\"elementor-button-text\">+45 43 96 20 77<\/span>\n\t\t\t\t\t<\/span>\n\t\t\t\t\t<\/a>\n\t\t\t\t\t\t\t\t<\/div>\n\t\t\t\t<div class=\"elementor-element elementor-element-e0a2e3c elementor-align-left elementor-mobile-align-left elementor-widget elementor-widget-button\" data-id=\"e0a2e3c\" data-element_type=\"widget\" data-e-type=\"widget\" data-widget_type=\"button.default\">\n\t\t\t\t\t\t\t\t\t\t<a class=\"elementor-button elementor-button-link elementor-size-sm\" href=\"https:\/\/osvald.dk\/en\/kontakt\/\">\n\t\t\t\t\t\t<span class=\"elementor-button-content-wrapper\">\n\t\t\t\t\t\t\t\t\t<span class=\"elementor-button-text\">Contact us<\/span>\n\t\t\t\t\t<\/span>\n\t\t\t\t\t<\/a>\n\t\t\t\t\t\t\t\t<\/div>\n\t\t\t\t<\/div>\n\t\t\t\t<\/div>\n\t\t\t\t<\/div>\n\t\t\t\t<\/div>","protected":false},"excerpt":{"rendered":"<p>Specialfremstillet Osvald Jensen A\/S udvikler og producerer snekker, tandhjul og gear. Vi er en samarbejdspartner inden for transmissioner allerede fra id\u00e9fasen af et nyt produkt til den endelige produktion af emnet. Kontakt os Vores produktsortiment Designet til at overg\u00e5 dine forventninger og udfordringer Skr\u00e6ddersyet pr\u00e6cision fra id\u00e9 til f\u00e6rdigt produkt \u2013 hos Osvald Jensen A\/S [&hellip;]<\/p>\n","protected":false},"author":1,"featured_media":4347,"parent":0,"menu_order":0,"comment_status":"closed","ping_status":"closed","template":"","meta":{"footnotes":""},"class_list":["post-1714","page","type-page","status-publish","has-post-thumbnail","hentry"],"yoast_head":"<!-- This site is optimized with the Yoast SEO plugin v27.3 - https:\/\/yoast.com\/product\/yoast-seo-wordpress\/ -->\n<title>Produkteroversigt \u2013 Sm\u00e5 tandhjul, gear og snekker<\/title>\n<meta name=\"description\" content=\"Fremstilling af sm\u00e5 snekker, snekkehjul, gear og tandhuls l\u00f8sninger. Vi udvikler i t\u00e6t samarbejde med kunderne for at levere kvalitetssikrede transmissionsdele l\u00f8sninger\" \/>\n<meta name=\"robots\" content=\"index, follow, max-snippet:-1, max-image-preview:large, max-video-preview:-1\" \/>\n<link rel=\"canonical\" href=\"https:\/\/osvald.dk\/en\/product-overview\/\" \/>\n<meta property=\"og:locale\" content=\"en_US\" \/>\n<meta property=\"og:type\" content=\"article\" \/>\n<meta property=\"og:title\" content=\"Produkteroversigt \u2013 Sm\u00e5 tandhjul, gear og snekker\" \/>\n<meta property=\"og:description\" content=\"Fremstilling af sm\u00e5 snekker, snekkehjul, gear og tandhuls l\u00f8sninger. Vi udvikler i t\u00e6t samarbejde med kunderne for at levere kvalitetssikrede transmissionsdele l\u00f8sninger\" \/>\n<meta property=\"og:url\" content=\"https:\/\/osvald.dk\/en\/product-overview\/\" \/>\n<meta property=\"og:site_name\" content=\"Osvald Jensen\" \/>\n<meta property=\"article:modified_time\" content=\"2025-10-14T09:07:50+00:00\" \/>\n<meta property=\"og:image\" content=\"https:\/\/osvald.dk\/wp-content\/uploads\/18.jpg\" \/>\n\t<meta property=\"og:image:width\" content=\"1660\" \/>\n\t<meta property=\"og:image:height\" content=\"1664\" \/>\n\t<meta property=\"og:image:type\" content=\"image\/jpeg\" \/>\n<meta name=\"twitter:card\" content=\"summary_large_image\" \/>\n<meta name=\"twitter:label1\" content=\"Est. reading time\" \/>\n\t<meta name=\"twitter:data1\" content=\"2 minutes\" \/>\n<script type=\"application\/ld+json\" class=\"yoast-schema-graph\">{\"@context\":\"https:\\\/\\\/schema.org\",\"@graph\":[{\"@type\":\"WebPage\",\"@id\":\"https:\\\/\\\/osvald.dk\\\/produktoversigt\\\/\",\"url\":\"https:\\\/\\\/osvald.dk\\\/produktoversigt\\\/\",\"name\":\"Produkteroversigt \u2013 Sm\u00e5 tandhjul, gear og snekker\",\"isPartOf\":{\"@id\":\"https:\\\/\\\/osvald.dk\\\/#website\"},\"primaryImageOfPage\":{\"@id\":\"https:\\\/\\\/osvald.dk\\\/produktoversigt\\\/#primaryimage\"},\"image\":{\"@id\":\"https:\\\/\\\/osvald.dk\\\/produktoversigt\\\/#primaryimage\"},\"thumbnailUrl\":\"https:\\\/\\\/osvald.dk\\\/wp-content\\\/uploads\\\/18.jpg\",\"datePublished\":\"2024-03-27T11:35:05+00:00\",\"dateModified\":\"2025-10-14T09:07:50+00:00\",\"description\":\"Fremstilling af sm\u00e5 snekker, snekkehjul, gear og tandhuls l\u00f8sninger. Vi udvikler i t\u00e6t samarbejde med kunderne for at levere kvalitetssikrede transmissionsdele l\u00f8sninger\",\"inLanguage\":\"en-US\",\"potentialAction\":[{\"@type\":\"ReadAction\",\"target\":[\"https:\\\/\\\/osvald.dk\\\/produktoversigt\\\/\"]}]},{\"@type\":\"ImageObject\",\"inLanguage\":\"en-US\",\"@id\":\"https:\\\/\\\/osvald.dk\\\/produktoversigt\\\/#primaryimage\",\"url\":\"https:\\\/\\\/osvald.dk\\\/wp-content\\\/uploads\\\/18.jpg\",\"contentUrl\":\"https:\\\/\\\/osvald.dk\\\/wp-content\\\/uploads\\\/18.jpg\",\"width\":1660,\"height\":1664,\"caption\":\"Billede af kollection af sm\u00e5 tandhjul fra Osvald jensen A\\\/S der specialisere sig i tandhjul, snekkegear og sm\u00e5 mekaniske l\u00f8sninger. Billedet viser et eksemple p\u00e5 modeller der er specialt lavet til sm\u00e5 mekaniske opgaver. Der er lagt en Terning ved siden af for at illustre de meget sm\u00e5 tandhjuls st\u00f8rrelse\"},{\"@type\":\"WebSite\",\"@id\":\"https:\\\/\\\/osvald.dk\\\/#website\",\"url\":\"https:\\\/\\\/osvald.dk\\\/\",\"name\":\"Osvald Jensen\",\"description\":\"\",\"publisher\":{\"@id\":\"https:\\\/\\\/osvald.dk\\\/#organization\"},\"potentialAction\":[{\"@type\":\"SearchAction\",\"target\":{\"@type\":\"EntryPoint\",\"urlTemplate\":\"https:\\\/\\\/osvald.dk\\\/?s={search_term_string}\"},\"query-input\":{\"@type\":\"PropertyValueSpecification\",\"valueRequired\":true,\"valueName\":\"search_term_string\"}}],\"inLanguage\":\"en-US\"},{\"@type\":\"Organization\",\"@id\":\"https:\\\/\\\/osvald.dk\\\/#organization\",\"name\":\"Osvald Jensen\",\"url\":\"https:\\\/\\\/osvald.dk\\\/\",\"logo\":{\"@type\":\"ImageObject\",\"inLanguage\":\"en-US\",\"@id\":\"https:\\\/\\\/osvald.dk\\\/#\\\/schema\\\/logo\\\/image\\\/\",\"url\":\"https:\\\/\\\/osvald.dk\\\/wp-content\\\/uploads\\\/OsvaldJensen_Logo_Hvid_RGB.svg\",\"contentUrl\":\"https:\\\/\\\/osvald.dk\\\/wp-content\\\/uploads\\\/OsvaldJensen_Logo_Hvid_RGB.svg\",\"width\":1600,\"height\":900,\"caption\":\"Osvald Jensen\"},\"image\":{\"@id\":\"https:\\\/\\\/osvald.dk\\\/#\\\/schema\\\/logo\\\/image\\\/\"}}]}<\/script>\n<!-- \/ Yoast SEO plugin. -->","yoast_head_json":{"title":"Product overview - Small gears, gears and worms","description":"Manufacturing small worms, worm wheels, gears and pinion solutions. We develop in close collaboration with customers to deliver quality-assured transmission parts solutions","robots":{"index":"index","follow":"follow","max-snippet":"max-snippet:-1","max-image-preview":"max-image-preview:large","max-video-preview":"max-video-preview:-1"},"canonical":"https:\/\/osvald.dk\/en\/product-overview\/","og_locale":"en_US","og_type":"article","og_title":"Produkteroversigt \u2013 Sm\u00e5 tandhjul, gear og snekker","og_description":"Fremstilling af sm\u00e5 snekker, snekkehjul, gear og tandhuls l\u00f8sninger. Vi udvikler i t\u00e6t samarbejde med kunderne for at levere kvalitetssikrede transmissionsdele l\u00f8sninger","og_url":"https:\/\/osvald.dk\/en\/product-overview\/","og_site_name":"Osvald Jensen","article_modified_time":"2025-10-14T09:07:50+00:00","og_image":[{"width":1660,"height":1664,"url":"https:\/\/osvald.dk\/wp-content\/uploads\/18.jpg","type":"image\/jpeg"}],"twitter_card":"summary_large_image","twitter_misc":{"Est. reading time":"2 minutes"},"schema":{"@context":"https:\/\/schema.org","@graph":[{"@type":"WebPage","@id":"https:\/\/osvald.dk\/produktoversigt\/","url":"https:\/\/osvald.dk\/produktoversigt\/","name":"Product overview - Small gears, gears and worms","isPartOf":{"@id":"https:\/\/osvald.dk\/#website"},"primaryImageOfPage":{"@id":"https:\/\/osvald.dk\/produktoversigt\/#primaryimage"},"image":{"@id":"https:\/\/osvald.dk\/produktoversigt\/#primaryimage"},"thumbnailUrl":"https:\/\/osvald.dk\/wp-content\/uploads\/18.jpg","datePublished":"2024-03-27T11:35:05+00:00","dateModified":"2025-10-14T09:07:50+00:00","description":"Manufacturing small worms, worm wheels, gears and pinion solutions. We develop in close collaboration with customers to deliver quality-assured transmission parts solutions","inLanguage":"en-US","potentialAction":[{"@type":"ReadAction","target":["https:\/\/osvald.dk\/produktoversigt\/"]}]},{"@type":"ImageObject","inLanguage":"en-US","@id":"https:\/\/osvald.dk\/produktoversigt\/#primaryimage","url":"https:\/\/osvald.dk\/wp-content\/uploads\/18.jpg","contentUrl":"https:\/\/osvald.dk\/wp-content\/uploads\/18.jpg","width":1660,"height":1664,"caption":"Billede af kollection af sm\u00e5 tandhjul fra Osvald jensen A\/S der specialisere sig i tandhjul, snekkegear og sm\u00e5 mekaniske l\u00f8sninger. Billedet viser et eksemple p\u00e5 modeller der er specialt lavet til sm\u00e5 mekaniske opgaver. Der er lagt en Terning ved siden af for at illustre de meget sm\u00e5 tandhjuls st\u00f8rrelse"},{"@type":"WebSite","@id":"https:\/\/osvald.dk\/#website","url":"https:\/\/osvald.dk\/","name":"Osvald Jensen","description":"","publisher":{"@id":"https:\/\/osvald.dk\/#organization"},"potentialAction":[{"@type":"SearchAction","target":{"@type":"EntryPoint","urlTemplate":"https:\/\/osvald.dk\/?s={search_term_string}"},"query-input":{"@type":"PropertyValueSpecification","valueRequired":true,"valueName":"search_term_string"}}],"inLanguage":"en-US"},{"@type":"Organization","@id":"https:\/\/osvald.dk\/#organization","name":"Osvald Jensen","url":"https:\/\/osvald.dk\/","logo":{"@type":"ImageObject","inLanguage":"en-US","@id":"https:\/\/osvald.dk\/#\/schema\/logo\/image\/","url":"https:\/\/osvald.dk\/wp-content\/uploads\/OsvaldJensen_Logo_Hvid_RGB.svg","contentUrl":"https:\/\/osvald.dk\/wp-content\/uploads\/OsvaldJensen_Logo_Hvid_RGB.svg","width":1600,"height":900,"caption":"Osvald Jensen"},"image":{"@id":"https:\/\/osvald.dk\/#\/schema\/logo\/image\/"}}]}},"_links":{"self":[{"href":"https:\/\/osvald.dk\/en\/wp-json\/wp\/v2\/pages\/1714","targetHints":{"allow":["GET"]}}],"collection":[{"href":"https:\/\/osvald.dk\/en\/wp-json\/wp\/v2\/pages"}],"about":[{"href":"https:\/\/osvald.dk\/en\/wp-json\/wp\/v2\/types\/page"}],"author":[{"embeddable":true,"href":"https:\/\/osvald.dk\/en\/wp-json\/wp\/v2\/users\/1"}],"replies":[{"embeddable":true,"href":"https:\/\/osvald.dk\/en\/wp-json\/wp\/v2\/comments?post=1714"}],"version-history":[{"count":1,"href":"https:\/\/osvald.dk\/en\/wp-json\/wp\/v2\/pages\/1714\/revisions"}],"predecessor-version":[{"id":5850,"href":"https:\/\/osvald.dk\/en\/wp-json\/wp\/v2\/pages\/1714\/revisions\/5850"}],"wp:featuredmedia":[{"embeddable":true,"href":"https:\/\/osvald.dk\/en\/wp-json\/wp\/v2\/media\/4347"}],"wp:attachment":[{"href":"https:\/\/osvald.dk\/en\/wp-json\/wp\/v2\/media?parent=1714"}],"curies":[{"name":"wp","href":"https:\/\/api.w.org\/{rel}","templated":true}]}}